{"id":632,"date":"2021-09-19T14:44:18","date_gmt":"2021-09-19T12:44:18","guid":{"rendered":"https:\/\/balikesirliler.com\/?page_id=632"},"modified":"2021-12-23T21:09:05","modified_gmt":"2021-12-23T20:09:05","slug":"zeybek","status":"publish","type":"page","link":"https:\/\/balikesirliler.com\/tr\/zeybek\/","title":{"rendered":"Zeybek"},"content":{"rendered":"\t\t<div data-elementor-type=\"wp-page\" data-elementor-id=\"632\" class=\"elementor elementor-632\" data-elementor-post-type=\"page\">\n\t\t\t\t\t\t<section class=\"elementor-section elementor-top-section elementor-element elementor-element-0dd2fe6 elementor-section-boxed elementor-section-height-default elementor-section-height-default\" data-id=\"0dd2fe6\" data-element_type=\"section\" data-e-type=\"section\">\n\t\t\t\t\t\t<div class=\"elementor-container elementor-column-gap-default\">\n\t\t\t\t\t<div class=\"elementor-column elementor-col-100 elementor-top-column elementor-element elementor-element-7405a7c\" data-id=\"7405a7c\" data-element_type=\"column\" data-e-type=\"column\">\n\t\t\t<div class=\"elementor-widget-wrap elementor-element-populated\">\n\t\t\t\t\t\t<div class=\"elementor-element elementor-element-1553c2d elementor-widget elementor-widget-text-editor\" data-id=\"1553c2d\" data-element_type=\"widget\" data-e-type=\"widget\" data-widget_type=\"text-editor.default\">\n\t\t\t\t<div class=\"elementor-widget-container\">\n\t\t\t\t\t\t\t\t\t<p style=\"text-align: center;\"><strong><a href=\"https:\/\/balikesirliler.com\/wp-content\/uploads\/zeybekroll-up-kopyala-scaled.jpg\"><img decoding=\"async\" class=\"alignnone wp-image-1391 size-medium\" src=\"https:\/\/balikesirliler.com\/wp-content\/uploads\/zeybekroll-up-kopyala-127x300.jpg\" alt=\"\" width=\"127\" height=\"300\" srcset=\"https:\/\/balikesirliler.com\/wp-content\/uploads\/zeybekroll-up-kopyala-127x300.jpg 127w, https:\/\/balikesirliler.com\/wp-content\/uploads\/zeybekroll-up-kopyala-435x1024.jpg 435w, https:\/\/balikesirliler.com\/wp-content\/uploads\/zeybekroll-up-kopyala-768x1807.jpg 768w, https:\/\/balikesirliler.com\/wp-content\/uploads\/zeybekroll-up-kopyala-653x1536.jpg 653w, https:\/\/balikesirliler.com\/wp-content\/uploads\/zeybekroll-up-kopyala-870x2048.jpg 870w, https:\/\/balikesirliler.com\/wp-content\/uploads\/zeybekroll-up-kopyala-scaled.jpg 1088w\" sizes=\"(max-width: 127px) 100vw, 127px\" \/><\/a><\/strong><\/p><p style=\"text-align: left;\"><strong>Almanya Bal\u0131kesirliler K\u00fclt\u00fcr ve Dayan\u0131\u015fma Derne\u011fi (BAL-DER) Karesi Zeybek Ekibi<\/strong><\/p><p>Karesi Zeybek Ekibi yeniden dirili\u015fin ve \u00fcmidin simgesidir.<br \/>Anadolu k\u00fclt\u00fcr\u00fcm\u00fcz\u00fcn \u00f6rf ve adetlerini, ya\u015fam\u0131\u015f oldu\u011fumuz beldede tan\u0131tma, ya\u015fatma, canl\u0131 tutma ve sahiplenme ad\u0131na 2010 y\u0131l\u0131ndan beri faaliyet g\u00f6stermektedir.<\/p><p>Almanya&#8217; da ya\u015fayan \u00fc\u00e7\u00fcnc\u00fc ku\u015fak nesil olarak, k\u00fclt\u00fcrel, sanat ve sosyal hayat\u0131n bir\u00e7ok alan\u0131nda birli\u011fimizi ve beraberli\u011fimizi sa\u011flamak bizim ilk hedefmizdir. Ayn\u0131 zamanda ekibimizin \u00e7o\u011funlu\u011funu olu\u015fturan \u00f6\u011frenci arkada\u015flar\u0131m\u0131z\u0131n hayatlar\u0131n\u0131n gelece\u011fi ile ilgli en y\u00fcksek ideallere ve geni\u015f bir ufka sahip olmalar\u0131n\u0131 temenni ediyoruz.<\/p><p>Beraber \u00e7al\u0131\u015ft\u0131\u011f\u0131m\u0131z dostlar\u0131m\u0131z\u0131n sadece kendisi i\u00e7in ya\u015fayan de\u011fil, ailesi ve i\u00e7inde bulundu\u011fu topluma da faydal\u0131 olmalar\u0131 i\u00e7in \u00e7aba sarfediyoruz.<\/p><p>Sevdal\u0131s\u0131 oldu\u011fumuz halk oyunlar\u0131m\u0131z\u00ad&#8217; da, bizim bu hedeflerimize ula\u015fmam\u0131z&#8217; da \u00e7ok g\u00fczel bir vas\u0131ta olarak g\u00f6r\u00fcyoruz.<\/p><p>Bizler Anadolu k\u00fclt\u00fcr\u00fcn\u00fc Avrupa&#8217; da ya\u015fatmaya devam ediyor ve muhte\u015fem g\u00f6sterilerle sizleri keyiflendiriyoruz. Gelin hep beraber EFELENELIM&#8230;.<\/p>\t\t\t\t\t\t\t\t<\/div>\n\t\t\t\t<\/div>\n\t\t\t\t\t<\/div>\n\t\t<\/div>\n\t\t\t\t\t<\/div>\n\t\t<\/section>\n\t\t\t\t<\/div>\n\t\t","protected":false},"excerpt":{"rendered":"<p>Almanya Bal\u0131kesirliler K\u00fclt\u00fcr ve Dayan\u0131\u015fma Derne\u011fi (BAL-DER) Karesi Zeybek Ekibi Karesi Zeybek Ekibi yeniden dirili\u015fin ve \u00fcmidin simgesidir.Anadolu k\u00fclt\u00fcr\u00fcm\u00fcz\u00fcn \u00f6rf ve adetlerini, ya\u015fam\u0131\u015f oldu\u011fumuz beldede tan\u0131tma, ya\u015fatma, canl\u0131 tutma ve sahiplenme ad\u0131na 2010 y\u0131l\u0131ndan beri faaliyet g\u00f6stermektedir. Almanya&#8217; da ya\u015fayan \u00fc\u00e7\u00fcnc\u00fc ku\u015fak nesil olarak, k\u00fclt\u00fcrel, sanat ve sosyal hayat\u0131n bir\u00e7ok alan\u0131nda birli\u011fimizi ve beraberli\u011fimizi sa\u011flamak [&hellip;]<\/p>\n","protected":false},"author":2,"featured_media":0,"parent":0,"menu_order":0,"comment_status":"closed","ping_status":"closed","template":"","meta":{"_acf_changed":false,"footnotes":""},"class_list":["post-632","page","type-page","status-publish","hentry"],"acf":[],"yoast_head":"<!-- This site is optimized with the Yoast SEO plugin v27.4 - https:\/\/yoast.com\/product\/yoast-seo-wordpress\/ -->\n<title>Zeybek - Bal-Der e.V<\/title>\n<meta name=\"robots\" content=\"index, follow, max-snippet:-1, max-image-preview:large, max-video-preview:-1\" \/>\n<link rel=\"canonical\" href=\"https:\/\/balikesirliler.com\/tr\/zeybek\/\" \/>\n<meta property=\"og:locale\" content=\"tr_TR\" \/>\n<meta property=\"og:type\" content=\"article\" \/>\n<meta property=\"og:title\" content=\"Zeybek - Bal-Der e.V\" \/>\n<meta property=\"og:description\" content=\"Almanya Bal\u0131kesirliler K\u00fclt\u00fcr ve Dayan\u0131\u015fma Derne\u011fi (BAL-DER) Karesi Zeybek Ekibi Karesi Zeybek Ekibi yeniden dirili\u015fin ve \u00fcmidin simgesidir.Anadolu k\u00fclt\u00fcr\u00fcm\u00fcz\u00fcn \u00f6rf ve adetlerini, ya\u015fam\u0131\u015f oldu\u011fumuz beldede tan\u0131tma, ya\u015fatma, canl\u0131 tutma ve sahiplenme ad\u0131na 2010 y\u0131l\u0131ndan beri faaliyet g\u00f6stermektedir. Almanya&#8217; da ya\u015fayan \u00fc\u00e7\u00fcnc\u00fc ku\u015fak nesil olarak, k\u00fclt\u00fcrel, sanat ve sosyal hayat\u0131n bir\u00e7ok alan\u0131nda birli\u011fimizi ve beraberli\u011fimizi sa\u011flamak [&hellip;]\" \/>\n<meta property=\"og:url\" content=\"https:\/\/balikesirliler.com\/tr\/zeybek\/\" \/>\n<meta property=\"og:site_name\" content=\"Bal-Der e.V\" \/>\n<meta property=\"article:modified_time\" content=\"2021-12-23T20:09:05+00:00\" \/>\n<meta property=\"og:image\" content=\"https:\/\/balikesirliler.com\/wp-content\/uploads\/\/zeybekroll-up-kopyala-127x300.jpg\" \/>\n<meta name=\"twitter:card\" content=\"summary_large_image\" \/>\n<meta name=\"twitter:label1\" content=\"Tahmini okuma s\u00fcresi\" \/>\n\t<meta name=\"twitter:data1\" content=\"1 dakika\" \/>\n<script type=\"application\/ld+json\" class=\"yoast-schema-graph\">{\"@context\":\"https:\\\/\\\/schema.org\",\"@graph\":[{\"@type\":\"WebPage\",\"@id\":\"https:\\\/\\\/balikesirliler.com\\\/tr\\\/zeybek\\\/\",\"url\":\"https:\\\/\\\/balikesirliler.com\\\/tr\\\/zeybek\\\/\",\"name\":\"Zeybek - Bal-Der e.V\",\"isPartOf\":{\"@id\":\"https:\\\/\\\/balikesirliler.com\\\/tr\\\/#website\"},\"primaryImageOfPage\":{\"@id\":\"https:\\\/\\\/balikesirliler.com\\\/tr\\\/zeybek\\\/#primaryimage\"},\"image\":{\"@id\":\"https:\\\/\\\/balikesirliler.com\\\/tr\\\/zeybek\\\/#primaryimage\"},\"thumbnailUrl\":\"https:\\\/\\\/balikesirliler.com\\\/wp-content\\\/uploads\\\/\\\/zeybekroll-up-kopyala-127x300.jpg\",\"datePublished\":\"2021-09-19T12:44:18+00:00\",\"dateModified\":\"2021-12-23T20:09:05+00:00\",\"breadcrumb\":{\"@id\":\"https:\\\/\\\/balikesirliler.com\\\/tr\\\/zeybek\\\/#breadcrumb\"},\"inLanguage\":\"tr\",\"potentialAction\":[{\"@type\":\"ReadAction\",\"target\":[\"https:\\\/\\\/balikesirliler.com\\\/tr\\\/zeybek\\\/\"]}]},{\"@type\":\"ImageObject\",\"inLanguage\":\"tr\",\"@id\":\"https:\\\/\\\/balikesirliler.com\\\/tr\\\/zeybek\\\/#primaryimage\",\"url\":\"https:\\\/\\\/balikesirliler.com\\\/wp-content\\\/uploads\\\/\\\/zeybekroll-up-kopyala-127x300.jpg\",\"contentUrl\":\"https:\\\/\\\/balikesirliler.com\\\/wp-content\\\/uploads\\\/\\\/zeybekroll-up-kopyala-127x300.jpg\"},{\"@type\":\"BreadcrumbList\",\"@id\":\"https:\\\/\\\/balikesirliler.com\\\/tr\\\/zeybek\\\/#breadcrumb\",\"itemListElement\":[{\"@type\":\"ListItem\",\"position\":1,\"name\":\"BAL-DER\",\"item\":\"https:\\\/\\\/balikesirliler.com\\\/tr\\\/\"},{\"@type\":\"ListItem\",\"position\":2,\"name\":\"Zeybek\"}]},{\"@type\":\"WebSite\",\"@id\":\"https:\\\/\\\/balikesirliler.com\\\/tr\\\/#website\",\"url\":\"https:\\\/\\\/balikesirliler.com\\\/tr\\\/\",\"name\":\"Bal-Der e.V\",\"description\":\"Kultur- und Unterst\u00fctzungsverein\",\"publisher\":{\"@id\":\"https:\\\/\\\/balikesirliler.com\\\/tr\\\/#organization\"},\"potentialAction\":[{\"@type\":\"SearchAction\",\"target\":{\"@type\":\"EntryPoint\",\"urlTemplate\":\"https:\\\/\\\/balikesirliler.com\\\/tr\\\/?s={search_term_string}\"},\"query-input\":{\"@type\":\"PropertyValueSpecification\",\"valueRequired\":true,\"valueName\":\"search_term_string\"}}],\"inLanguage\":\"tr\"},{\"@type\":\"Organization\",\"@id\":\"https:\\\/\\\/balikesirliler.com\\\/tr\\\/#organization\",\"name\":\"Bal-Der e.V.\",\"url\":\"https:\\\/\\\/balikesirliler.com\\\/tr\\\/\",\"logo\":{\"@type\":\"ImageObject\",\"inLanguage\":\"tr\",\"@id\":\"https:\\\/\\\/balikesirliler.com\\\/tr\\\/#\\\/schema\\\/logo\\\/image\\\/\",\"url\":\"https:\\\/\\\/balikesirliler.com\\\/wp-content\\\/uploads\\\/2021\\\/09\\\/logo_180x180.png\",\"contentUrl\":\"https:\\\/\\\/balikesirliler.com\\\/wp-content\\\/uploads\\\/2021\\\/09\\\/logo_180x180.png\",\"width\":180,\"height\":180,\"caption\":\"Bal-Der e.V.\"},\"image\":{\"@id\":\"https:\\\/\\\/balikesirliler.com\\\/tr\\\/#\\\/schema\\\/logo\\\/image\\\/\"}}]}<\/script>\n<!-- \/ Yoast SEO plugin. -->","yoast_head_json":{"title":"Zeybek - Bal-Der e.V","robots":{"index":"index","follow":"follow","max-snippet":"max-snippet:-1","max-image-preview":"max-image-preview:large","max-video-preview":"max-video-preview:-1"},"canonical":"https:\/\/balikesirliler.com\/tr\/zeybek\/","og_locale":"tr_TR","og_type":"article","og_title":"Zeybek - Bal-Der e.V","og_description":"Almanya Bal\u0131kesirliler K\u00fclt\u00fcr ve Dayan\u0131\u015fma Derne\u011fi (BAL-DER) Karesi Zeybek Ekibi Karesi Zeybek Ekibi yeniden dirili\u015fin ve \u00fcmidin simgesidir.Anadolu k\u00fclt\u00fcr\u00fcm\u00fcz\u00fcn \u00f6rf ve adetlerini, ya\u015fam\u0131\u015f oldu\u011fumuz beldede tan\u0131tma, ya\u015fatma, canl\u0131 tutma ve sahiplenme ad\u0131na 2010 y\u0131l\u0131ndan beri faaliyet g\u00f6stermektedir. Almanya&#8217; da ya\u015fayan \u00fc\u00e7\u00fcnc\u00fc ku\u015fak nesil olarak, k\u00fclt\u00fcrel, sanat ve sosyal hayat\u0131n bir\u00e7ok alan\u0131nda birli\u011fimizi ve beraberli\u011fimizi sa\u011flamak [&hellip;]","og_url":"https:\/\/balikesirliler.com\/tr\/zeybek\/","og_site_name":"Bal-Der e.V","article_modified_time":"2021-12-23T20:09:05+00:00","og_image":[{"url":"https:\/\/balikesirliler.com\/wp-content\/uploads\/\/zeybekroll-up-kopyala-127x300.jpg","type":"","width":"","height":""}],"twitter_card":"summary_large_image","twitter_misc":{"Tahmini okuma s\u00fcresi":"1 dakika"},"schema":{"@context":"https:\/\/schema.org","@graph":[{"@type":"WebPage","@id":"https:\/\/balikesirliler.com\/tr\/zeybek\/","url":"https:\/\/balikesirliler.com\/tr\/zeybek\/","name":"Zeybek - Bal-Der e.V","isPartOf":{"@id":"https:\/\/balikesirliler.com\/tr\/#website"},"primaryImageOfPage":{"@id":"https:\/\/balikesirliler.com\/tr\/zeybek\/#primaryimage"},"image":{"@id":"https:\/\/balikesirliler.com\/tr\/zeybek\/#primaryimage"},"thumbnailUrl":"https:\/\/balikesirliler.com\/wp-content\/uploads\/\/zeybekroll-up-kopyala-127x300.jpg","datePublished":"2021-09-19T12:44:18+00:00","dateModified":"2021-12-23T20:09:05+00:00","breadcrumb":{"@id":"https:\/\/balikesirliler.com\/tr\/zeybek\/#breadcrumb"},"inLanguage":"tr","potentialAction":[{"@type":"ReadAction","target":["https:\/\/balikesirliler.com\/tr\/zeybek\/"]}]},{"@type":"ImageObject","inLanguage":"tr","@id":"https:\/\/balikesirliler.com\/tr\/zeybek\/#primaryimage","url":"https:\/\/balikesirliler.com\/wp-content\/uploads\/\/zeybekroll-up-kopyala-127x300.jpg","contentUrl":"https:\/\/balikesirliler.com\/wp-content\/uploads\/\/zeybekroll-up-kopyala-127x300.jpg"},{"@type":"BreadcrumbList","@id":"https:\/\/balikesirliler.com\/tr\/zeybek\/#breadcrumb","itemListElement":[{"@type":"ListItem","position":1,"name":"BAL-DER","item":"https:\/\/balikesirliler.com\/tr\/"},{"@type":"ListItem","position":2,"name":"Zeybek"}]},{"@type":"WebSite","@id":"https:\/\/balikesirliler.com\/tr\/#website","url":"https:\/\/balikesirliler.com\/tr\/","name":"Bal-Der e.V","description":"Kultur- und Unterst\u00fctzungsverein","publisher":{"@id":"https:\/\/balikesirliler.com\/tr\/#organization"},"potentialAction":[{"@type":"SearchAction","target":{"@type":"EntryPoint","urlTemplate":"https:\/\/balikesirliler.com\/tr\/?s={search_term_string}"},"query-input":{"@type":"PropertyValueSpecification","valueRequired":true,"valueName":"search_term_string"}}],"inLanguage":"tr"},{"@type":"Organization","@id":"https:\/\/balikesirliler.com\/tr\/#organization","name":"Bal-Der e.V.","url":"https:\/\/balikesirliler.com\/tr\/","logo":{"@type":"ImageObject","inLanguage":"tr","@id":"https:\/\/balikesirliler.com\/tr\/#\/schema\/logo\/image\/","url":"https:\/\/balikesirliler.com\/wp-content\/uploads\/2021\/09\/logo_180x180.png","contentUrl":"https:\/\/balikesirliler.com\/wp-content\/uploads\/2021\/09\/logo_180x180.png","width":180,"height":180,"caption":"Bal-Der e.V."},"image":{"@id":"https:\/\/balikesirliler.com\/tr\/#\/schema\/logo\/image\/"}}]}},"jetpack_sharing_enabled":true,"_links":{"self":[{"href":"https:\/\/balikesirliler.com\/tr\/wp-json\/wp\/v2\/pages\/632","targetHints":{"allow":["GET"]}}],"collection":[{"href":"https:\/\/balikesirliler.com\/tr\/wp-json\/wp\/v2\/pages"}],"about":[{"href":"https:\/\/balikesirliler.com\/tr\/wp-json\/wp\/v2\/types\/page"}],"author":[{"embeddable":true,"href":"https:\/\/balikesirliler.com\/tr\/wp-json\/wp\/v2\/users\/2"}],"replies":[{"embeddable":true,"href":"https:\/\/balikesirliler.com\/tr\/wp-json\/wp\/v2\/comments?post=632"}],"version-history":[{"count":7,"href":"https:\/\/balikesirliler.com\/tr\/wp-json\/wp\/v2\/pages\/632\/revisions"}],"predecessor-version":[{"id":1685,"href":"https:\/\/balikesirliler.com\/tr\/wp-json\/wp\/v2\/pages\/632\/revisions\/1685"}],"wp:attachment":[{"href":"https:\/\/balikesirliler.com\/tr\/wp-json\/wp\/v2\/media?parent=632"}],"curies":[{"name":"wp","href":"https:\/\/api.w.org\/{rel}","templated":true}]}}