{"id":234,"date":"2021-09-12T13:33:14","date_gmt":"2021-09-12T11:33:14","guid":{"rendered":"https:\/\/balikesirliler.com\/?page_id=234"},"modified":"2021-12-24T00:59:40","modified_gmt":"2021-12-23T23:59:40","slug":"ziyaretci-defteri","status":"publish","type":"page","link":"https:\/\/balikesirliler.com\/tr\/ziyaretci-defteri\/","title":{"rendered":"Ziyaret\u00e7i defteri"},"content":{"rendered":"\t\t<div data-elementor-type=\"wp-page\" data-elementor-id=\"234\" class=\"elementor elementor-234\" data-elementor-post-type=\"page\">\n\t\t\t\t\t\t<section class=\"elementor-section elementor-top-section elementor-element elementor-element-795078a elementor-section-boxed elementor-section-height-default elementor-section-height-default\" data-id=\"795078a\" data-element_type=\"section\" data-e-type=\"section\">\n\t\t\t\t\t\t<div class=\"elementor-container elementor-column-gap-default\">\n\t\t\t\t\t<div class=\"elementor-column elementor-col-100 elementor-top-column elementor-element elementor-element-a3280db\" data-id=\"a3280db\" data-element_type=\"column\" data-e-type=\"column\">\n\t\t\t<div class=\"elementor-widget-wrap elementor-element-populated\">\n\t\t\t\t\t\t<div class=\"elementor-element elementor-element-ba0721e elementor-widget elementor-widget-shortcode\" data-id=\"ba0721e\" data-element_type=\"widget\" data-e-type=\"widget\" data-widget_type=\"shortcode.default\">\n\t\t\t\t<div class=\"elementor-widget-container\">\n\t\t\t\t\t\t\t<div class=\"elementor-shortcode\"><div class=\"gwolle-gb\"><div class=\"gwolle-gb-messages-top-container\"><\/div>\n\t\t\t<div class=\"gwolle-gb-write-button\">\n\t\t\t\t<input type=\"button\" name=\"gwolle-gb-write-button\" class=\"button btn btn-default \" value=\"Yeni bir kay\u0131t yaz\u0131n.\" aria-expanded=\"false\" \/>\n\t\t\t<\/div>\n\t\t\t<form action=\"#\" method=\"POST\" class=\"gwolle-gb-write gwolle-gb-hide gwolle-gb-float gwolle-gb-form-ajax gwolle-gb-ajax gwolle-gb-not-logged-in\">\n\t\t\t\t<h3>Ziyaret\u00e7i defteri i\u00e7in yeni bir giri\u015f yaz\u0131n<\/h3>\n\t\t\t\t<button type=\"button\" class=\"gb-notice-dismiss\">x<span class=\"screen-reader-text\">Bu formu gizle.<\/span><\/button>\n\t\t\t\n\t\t\t\t<input type=\"hidden\" name=\"gwolle_gb_function\" class=\"gwolle_gb_function\" value=\"add_entry\" \/><input type=\"hidden\" name=\"gwolle_gb_book_id\" class=\"gwolle_gb_book_id\" value=\"1\" \/><div class=\"gwolle_gb_02f83bc1ef6b2521aa8088fd5d976f33\">\n\t\t\t\t<div class=\"label\"><label for=\"gwolle_gb_02f83bc1ef6b2521aa8088fd5d976f33-1\" class=\"text-info\">Ad <span class=\"required\">*<\/span><\/label><\/div>\n\t\t\t\t<div class=\"input\"><input class=\"wp-exclude-emoji gwolle_gb_02f83bc1ef6b2521aa8088fd5d976f33\" value=\"\" type=\"text\" id=\"gwolle_gb_02f83bc1ef6b2521aa8088fd5d976f33-1\" name=\"gwolle_gb_02f83bc1ef6b2521aa8088fd5d976f33\" required \/><\/div>\n\t\t\t\t<div class=\"clearBoth\">&nbsp;<\/div>\n\t\t\t<\/div><div class=\"gwolle_gb_23894803e20c1250964acb67292b462f\">\n\t\t\t\t\t<div class=\"label\"><label for=\"gwolle_gb_23894803e20c1250964acb67292b462f-1\" class=\"text-info\">\u0130l<\/label><\/div>\n\t\t\t\t\t<div class=\"input\"><input class=\"wp-exclude-emoji gwolle_gb_23894803e20c1250964acb67292b462f\" value=\"\" type=\"text\" id=\"gwolle_gb_23894803e20c1250964acb67292b462f-1\" name=\"gwolle_gb_23894803e20c1250964acb67292b462f\" \/><\/div>\n\t\t\t\t\t<div class=\"clearBoth\">&nbsp;<\/div>\n\t\t\t\t<\/div><div class=\"gwolle_gb_8fd613c73e590bfd1bf5df2a8e42e7ed\">\n\t\t\t\t<div class=\"label\"><label for=\"gwolle_gb_8fd613c73e590bfd1bf5df2a8e42e7ed-1\" class=\"text-info\">E-posta <span class=\"required\">*<\/span><\/label><\/div>\n\t\t\t\t<div class=\"input\"><input class=\"gwolle_gb_8fd613c73e590bfd1bf5df2a8e42e7ed\" value=\"\" type=\"email\" id=\"gwolle_gb_8fd613c73e590bfd1bf5df2a8e42e7ed-1\" name=\"gwolle_gb_8fd613c73e590bfd1bf5df2a8e42e7ed\" required \/><\/div>\n\t\t\t\t<div class=\"clearBoth\">&nbsp;<\/div>\n\t\t\t<\/div><div class=\"gwolle_gb_c58ab14acbe3b1dd0d34585eb75a4911\">\n\t\t\t\t<div class=\"label\"><label for=\"gwolle_gb_c58ab14acbe3b1dd0d34585eb75a4911-1\" class=\"text-info\">\u0130nternet sitesi<\/label><\/div>\n\t\t\t\t<div class=\"input\"><input class=\"gwolle_gb_c58ab14acbe3b1dd0d34585eb75a4911\" value=\"\" type=\"url\" id=\"gwolle_gb_c58ab14acbe3b1dd0d34585eb75a4911-1\" name=\"gwolle_gb_c58ab14acbe3b1dd0d34585eb75a4911\" \/><\/div>\n\t\t\t\t<div class=\"clearBoth\">&nbsp;<\/div>\n\t\t\t<\/div>\n\t\t\t<div class=\"gwolle_gb_1c9eb4ec945ebfadecf7047657a5596b\" style=\"display:none;overflow:hidden;\" hidden=\"true\" aria-hidden=\"true\">\n\t\t\t\t<div class=\"label\">\n\t\t\t\t\t<label for=\"gwolle_gb_1c9eb4ec945ebfadecf7047657a5596b-1\" class=\"text-primary\">Buna dokunma<\/label>\n\t\t\t\t\t<label for=\"gwolle_gb_216d5fbe706133dba01282d934d1eca9-1\" class=\"text-primary\">Buna dokunma<\/label>\n\t\t\t\t<\/div>\n\t\t\t\t<div class=\"input\">\n\t\t\t\t\t<input value=\"21\" type=\"text\" id=\"gwolle_gb_1c9eb4ec945ebfadecf7047657a5596b-1\" name=\"gwolle_gb_1c9eb4ec945ebfadecf7047657a5596b\" class=\"gwolle_gb_1c9eb4ec945ebfadecf7047657a5596b\" style=\"transform: translateY(10000px);\" \/>\n\t\t\t\t\t<input value=\"\" type=\"text\" name=\"gwolle_gb_216d5fbe706133dba01282d934d1eca9\" id=\"gwolle_gb_216d5fbe706133dba01282d934d1eca9-1\" class=\"gwolle_gb_216d5fbe706133dba01282d934d1eca9\" style=\"transform: translateY(10000px);\" \/>\n\t\t\t\t<\/div>\n\t\t\t\t<div class=\"clearBoth\"><\/div>\n\t\t\t<\/div>\n\t\t\t<div class=\"gwolle_gb_993dc121348d0f9d788844b1da242355\" style=\"display:none;overflow:hidden;\" hidden=\"true\" aria-hidden=\"true\">\n\t\t\t\t<div class=\"label\">\n\t\t\t\t\t<label for=\"gwolle_gb_993dc121348d0f9d788844b1da242355-1\" class=\"text-primary\">Buna dokunma<\/label>\n\t\t\t\t\t<label for=\"gwolle_gb_2d51c2cb6627918408673bc43e72ecc6-1\" class=\"text-primary\">Buna dokunma<\/label>\n\t\t\t\t<\/div>\n\t\t\t\t<div class=\"input\">\n\t\t\t\t\t<input value=\"36322\" type=\"text\" id=\"gwolle_gb_993dc121348d0f9d788844b1da242355-1\" name=\"gwolle_gb_993dc121348d0f9d788844b1da242355\" class=\"gwolle_gb_993dc121348d0f9d788844b1da242355\" style=\"transform: translateY(10000px);\" \/>\n\t\t\t\t\t<input value=\"36322\" type=\"text\"id=\"gwolle_gb_2d51c2cb6627918408673bc43e72ecc6-1\" name=\"gwolle_gb_2d51c2cb6627918408673bc43e72ecc6\" class=\"gwolle_gb_2d51c2cb6627918408673bc43e72ecc6\" style=\"transform: translateY(10000px);\" \/>\n\t\t\t\t<\/div>\n\t\t\t\t<div class=\"clearBoth\"><\/div>\n\t\t\t<\/div><div class=\"gwolle_gb_content\">\n\t\t\t\t<div class=\"label\"><label for=\"gwolle_gb_content-1\" class=\"text-info\">Ziyaret\u00e7i defteri kayd\u0131 <span class=\"required\">*<\/span><\/label><\/div>\n\t\t\t\t<div class=\"input\"><textarea id=\"gwolle_gb_content-1\" name=\"gwolle_gb_content\" class=\"gwolle_gb_content wp-exclude-emoji\" required ><\/textarea><\/div>\n\t\t\t\t\t<div class=\"clearBoth\">&nbsp;<\/div>\n\t\t\t\t<\/div>\n\t\t\t\t<div class=\"gwolle_gb_privacy gwolle-gb-privacy\">\n\t\t\t\t\t<div class=\"label\"><label for=\"gwolle_gb_privacy-1\" class=\"text-info\">I accept the <a href=\"https:\/\/balikesirliler.com\/datenschutz\/\" title=\"Gizlilik ilkesini okuyun\" target=\"_blank\">Privacy Policy<\/a> <span class=\"required\">*<\/span><\/label><\/div>\n\t\t\t\t\t<div class=\"input\"><input type=\"checkbox\" id=\"gwolle_gb_privacy-1\" name=\"gwolle_gb_privacy\" class=\"gwolle_gb_privacy\" required \/><\/div>\n\t\t\t\t\t<div class=\"clearBoth\">&nbsp;<\/div>\n\t\t\t\t<\/div><input type=\"hidden\" class=\"gwolle_gb_cb922b81d87fbda468bad84c6c1196f0\" id=\"gwolle_gb_cb922b81d87fbda468bad84c6c1196f0-1\" name=\"gwolle_gb_cb922b81d87fbda468bad84c6c1196f0\" value=\"f69a78cfa8\" \/>\n\t\t\t<div class=\"gwolle-gb-messages-bottom-container\"><\/div>\n\n\t\t\t<noscript><div class=\"no-js\">Uyar\u0131: Bu form yaln\u0131z taray\u0131c\u0131n\u0131zda JavaScript etkinle\u015ftirilmi\u015fse kullan\u0131labilir.<\/div><\/noscript>\n\n\t\t\t<div class=\"gwolle_gb_submit gwolle-gb-submit\">\n\t\t\t\t<div class=\"label gwolle-gb-invisible text-muted\">&nbsp;<\/div>\n\t\t\t\t<div class=\"input\">\n\t\t\t\t\t<input type=\"submit\" name=\"gwolle_gb_submit\" class=\"gwolle_gb_submit button btn btn-primary \" value=\"G\u00f6nder\" \/>\n\t\t\t\t\t<span class=\"gwolle_gb_submit_ajax_icon gwolle-gb-submit-ajax-icon\"><\/span>\n\t\t\t\n\t\t\t\t<\/div>\n\t\t\t\t<div class=\"clearBoth\">&nbsp;<\/div>\n\t\t\t<\/div>\n\n\t\t\t<div class=\"gwolle_gb_notice gwolle-gb-notice\">\n\t\t\t\t* ile i\u015faretli alanlar\u0131n doldurulmas\u0131 zorunludur.\r\nE-posta hesab\u0131n\u0131z yay\u0131mlanmayacak.\r\nGiri\u015finizin ancak biz kontrol ettikten sonra ziyaret\u00e7i defterinde g\u00f6r\u00fcnmesi m\u00fcmk\u00fcnd\u00fcr.\r\nGiri\u015fleri d\u00fczenleme, silme veya yay\u0131nlamama hakk\u0131n\u0131 sakl\u0131 tutar\u0131z.\n\t\t\t<\/div><\/form><div class=\"gwolle-gb-read gwolle-gb-ajax gwolle-gb-entries-list\" data-book_id=\"1\" data-page_id=\"1\">\n\t\t<div id=\"gwolle-gb-total\" class=\"gwolle-gb-total\">2 kay\u0131t.<\/div><!-- Gwolle-GB Entry: Default Template Loaded -->\n\t\t\t\t<div class=\"gb-entry gb-entry_2 gb-entry-count_1 gwolle-gb-uneven gwolle-gb-first\" id=\"gb-entry_2\" data-entry_id=\"2\">\n\t\t\t\t<article>\n\t\t\t\t\t<div class=\"gb-author-info\">\n\t\t\t\t\t\t<span class=\"gb-author-name\"><a href=\"http:\/\/www.balikesirliler.com\" target=\"_blank\" rel=\"nofollow noopener noreferrer\"\n\t\t\t\t\t\t\ttitle=\"\u015eu web sitesini ziyaret edin Kemal KANIKURUMAZ: http:\/\/www.balikesirliler.com\"><i class=\"gb-moderator\">Kemal KANIKURUMAZ<\/i><\/a>\n\t\t\t\t\t\t<\/span>\n\t\t\t\t\t\t<span class=\"gb-author-origin\">\n\t\t\t\t\t\t\t<span class=\"gb-author-origin-from-text\"> nereden<\/span>\n\t\t\t\t\t\t\t<span class=\"gb-author-origin-text\"> Duisburg Rheinhausen<\/span>\n\t\t\t\t\t\t<\/span>\n\t\t\t\t\t\t<span class=\"gb-datetime\">\n\t\t\t\t\t\t\t<span class=\"gb-date\"><span class=\"gb-date-wrote-text\"> \u00fczerine yazd\u0131<\/span><span class=\"gb-date-text\"> 23. Aral\u0131k 2021<\/span>\n\t\t\t\t\t\t\t<\/span>\n\t\t\t\t\t\t<\/span> \n\t\t\t\t\t<\/div>\n\t\t\t\t\t<div class=\"gb-entry-content\">Liebe Freunde, sehr geehrte Nachbarn,<br \/>\nherzlich Willkommen auf unserer Homepage. Wir hoffen, mit unserer Arbeit einen kleinen Beitrag zum Ausbau unserer seit 60 Jahren bestehenden Freundschaft beitragen zu k\u00f6nnen.<br \/>\nWir sind als Verein der Meinung, dass jeder in unserer Gesellschaft einen positiven Beitrag f\u00fcr das Zusammenleben zu leisten im Stande ist.<br \/>\nJeder sollte Teilhaben am gesellschaftlichen Leben und Verpflichtungen f\u00fcr die Zukunft aufnehmen.<br \/>\nIch bitte jeden, besonders Jugendliche, sich aktiv in der Kommunal- und Landespolitik zu engagieren.<br \/>\nAls nicht mehr wegzudenkender Teil dieser Gesellschaft sind wir mit unseren Veranstaltungen bestrebt, bestehende Vorurteile auszur\u00e4umen und f\u00fcr das friedliche Zusammenleben in der Gesellschaft einen wichtigen kulturellen Beitrag zu leisten.<br \/>\nWir als Verein werden \u00fcberparteilich f\u00fcr die gleichberechtigte Teilhabe arbeiten.<br \/>\nIch m\u00f6chte mich bei Ihnen an dieser Stelle f\u00fcr die gro\u00dfe Unterst\u00fctzung bei dieser Arbeit aufrichtig bedanken.<br \/>\n<br \/>\nMit Herzlichen Gr\u00fc\u00dfen<br \/>\nH.Kemal KANIKURUMAZ<br \/>\nVorsitzender\n\t\t\t\t\t<\/div>\n\t\t\t\t<\/article>\n\t\t\t<\/div>\n\t\t\t<div class=\"gb-entry gb-entry_1 gb-entry-count_2 gwolle-gb-even\" id=\"gb-entry_1\" data-entry_id=\"1\">\n\t\t\t\t<article>\n\t\t\t\t\t<div class=\"gb-author-info\">\n\t\t\t\t\t\t<span class=\"gb-author-name\"><a href=\"http:\/\/www.balikesirliler.com\" target=\"_blank\" rel=\"nofollow noopener noreferrer\"\n\t\t\t\t\t\t\ttitle=\"\u015eu web sitesini ziyaret edin Kemal KANIKURUMAZ: http:\/\/www.balikesirliler.com\"><i class=\"gb-moderator\">Kemal KANIKURUMAZ<\/i><\/a>\n\t\t\t\t\t\t<\/span>\n\t\t\t\t\t\t<span class=\"gb-author-origin\">\n\t\t\t\t\t\t\t<span class=\"gb-author-origin-from-text\"> nereden<\/span>\n\t\t\t\t\t\t\t<span class=\"gb-author-origin-text\"> Duisburg -Rheinhausen<\/span>\n\t\t\t\t\t\t<\/span>\n\t\t\t\t\t\t<span class=\"gb-datetime\">\n\t\t\t\t\t\t\t<span class=\"gb-date\"><span class=\"gb-date-wrote-text\"> \u00fczerine yazd\u0131<\/span><span class=\"gb-date-text\"> 23. Aral\u0131k 2021<\/span>\n\t\t\t\t\t\t\t<\/span>\n\t\t\t\t\t\t<\/span> \n\t\t\t\t\t<\/div>\n\t\t\t\t\t<div class=\"gb-entry-content\">Merhaba,<br \/>\r\nhttp:\/\/balikesirliler.com web sayfas\u0131n\u0131n iki amac\u0131 vard\u0131r. Birincisi Almanya\u2019da ya\u015fayan b\u00fct\u00fcn Bal\u0131kesirlilere ula\u015fmak ve Bal\u0131kesir hakk\u0131nda bilgi sunarak g\u00fczel \u015fehirimizi tan\u0131tmakt\u0131r.<br \/>\r\n\u0130kinci ve daha \u00f6nemli hedef ise, teknolojinin b\u00fct\u00fcn imkanlar\u0131ndan faydalanarak, vatanda\u015flar\u0131m\u0131z\u0131 m\u00fcmk\u00fcn oldu\u011funca derne\u011fimizin \u00e7al\u0131\u015fmalar\u0131na dahil etmektir.<br \/>\r\nBunun i\u00e7in sayfam\u0131z\u0131da bulunan Ziyaret\u00e7i defterinde, hakaret ve \u015fiddet i\u00e7ermeden b\u00fct\u00fcn g\u00f6r\u00fc\u015fler \u00f6zg\u00fcrce tart\u0131\u015f\u0131labilir, y\u00f6netim kurulumuza teklifler sunulabilir.<br \/>\r\nBal-Der Ba\u015fkan\u0131 olarak, b\u00fct\u00fcn vatanda\u015flar\u0131m\u0131z\u0131 aktif olarak dernek \u00e7al\u0131\u015fmalar\u0131m\u0131za kat\u0131lmaya davet ediyorum.<br \/>\r\nSizlerden gelecek g\u00f6r\u00fc\u015fler y\u00f6netim kurulumuz taraf\u0131ndan de\u011ferlendirildikten sonra \u00fcyelerin bilgisine sunulacakt\u0131r. Derne\u011fimiz hakk\u0131nda g\u00f6r\u00fc\u015f ve \u00f6nerilerinizi bekliyoruz.<br \/>\r\nToplumun b\u00fct\u00fcn kesimlerince benimsenecek ve daha kat\u0131l\u0131mc\u0131 bir dernek dile\u011fiyle, hepinize sayg\u0131lar sunuyorum.<br \/>\r\n<br \/>\r\nH.Kemal KANIKURUMAZ<br \/>\r\nBAL-DER Ba\u015fkan\u0131\n\t\t\t\t\t<\/div>\n\t\t\t\t<\/article>\n\t\t\t<\/div>\n\t\t\t<\/div><\/div><\/div>\n\t\t\t\t\t\t<\/div>\n\t\t\t\t<\/div>\n\t\t\t\t\t<\/div>\n\t\t<\/div>\n\t\t\t\t\t<\/div>\n\t\t<\/section>\n\t\t\t\t<\/div>\n\t\t","protected":false},"excerpt":{"rendered":"","protected":false},"author":2,"featured_media":0,"parent":0,"menu_order":0,"comment_status":"open","ping_status":"closed","template":"","meta":{"_acf_changed":false,"footnotes":""},"class_list":["post-234","page","type-page","status-publish","hentry"],"acf":[],"yoast_head":"<!-- This site is optimized with the Yoast SEO plugin v27.4 - https:\/\/yoast.com\/product\/yoast-seo-wordpress\/ -->\n<title>Ziyaret\u00e7i defteri - Bal-Der e.V<\/title>\n<meta name=\"robots\" content=\"index, follow, max-snippet:-1, max-image-preview:large, max-video-preview:-1\" \/>\n<link rel=\"canonical\" href=\"https:\/\/balikesirliler.com\/tr\/ziyaretci-defteri\/\" \/>\n<meta property=\"og:locale\" content=\"tr_TR\" \/>\n<meta property=\"og:type\" content=\"article\" \/>\n<meta property=\"og:title\" content=\"Ziyaret\u00e7i defteri - Bal-Der e.V\" \/>\n<meta property=\"og:url\" content=\"https:\/\/balikesirliler.com\/tr\/ziyaretci-defteri\/\" \/>\n<meta property=\"og:site_name\" content=\"Bal-Der e.V\" \/>\n<meta property=\"article:modified_time\" content=\"2021-12-23T23:59:40+00:00\" \/>\n<meta name=\"twitter:card\" content=\"summary_large_image\" \/>\n<script type=\"application\/ld+json\" class=\"yoast-schema-graph\">{\"@context\":\"https:\\\/\\\/schema.org\",\"@graph\":[{\"@type\":\"WebPage\",\"@id\":\"https:\\\/\\\/balikesirliler.com\\\/tr\\\/ziyaretci-defteri\\\/\",\"url\":\"https:\\\/\\\/balikesirliler.com\\\/tr\\\/ziyaretci-defteri\\\/\",\"name\":\"Ziyaret\u00e7i defteri - Bal-Der e.V\",\"isPartOf\":{\"@id\":\"https:\\\/\\\/balikesirliler.com\\\/tr\\\/#website\"},\"datePublished\":\"2021-09-12T11:33:14+00:00\",\"dateModified\":\"2021-12-23T23:59:40+00:00\",\"breadcrumb\":{\"@id\":\"https:\\\/\\\/balikesirliler.com\\\/tr\\\/ziyaretci-defteri\\\/#breadcrumb\"},\"inLanguage\":\"tr\",\"potentialAction\":[{\"@type\":\"ReadAction\",\"target\":[\"https:\\\/\\\/balikesirliler.com\\\/tr\\\/ziyaretci-defteri\\\/\"]}]},{\"@type\":\"BreadcrumbList\",\"@id\":\"https:\\\/\\\/balikesirliler.com\\\/tr\\\/ziyaretci-defteri\\\/#breadcrumb\",\"itemListElement\":[{\"@type\":\"ListItem\",\"position\":1,\"name\":\"BAL-DER\",\"item\":\"https:\\\/\\\/balikesirliler.com\\\/tr\\\/\"},{\"@type\":\"ListItem\",\"position\":2,\"name\":\"Ziyaret\u00e7i defteri\"}]},{\"@type\":\"WebSite\",\"@id\":\"https:\\\/\\\/balikesirliler.com\\\/tr\\\/#website\",\"url\":\"https:\\\/\\\/balikesirliler.com\\\/tr\\\/\",\"name\":\"Bal-Der e.V\",\"description\":\"Kultur- und Unterst\u00fctzungsverein\",\"publisher\":{\"@id\":\"https:\\\/\\\/balikesirliler.com\\\/tr\\\/#organization\"},\"potentialAction\":[{\"@type\":\"SearchAction\",\"target\":{\"@type\":\"EntryPoint\",\"urlTemplate\":\"https:\\\/\\\/balikesirliler.com\\\/tr\\\/?s={search_term_string}\"},\"query-input\":{\"@type\":\"PropertyValueSpecification\",\"valueRequired\":true,\"valueName\":\"search_term_string\"}}],\"inLanguage\":\"tr\"},{\"@type\":\"Organization\",\"@id\":\"https:\\\/\\\/balikesirliler.com\\\/tr\\\/#organization\",\"name\":\"Bal-Der e.V.\",\"url\":\"https:\\\/\\\/balikesirliler.com\\\/tr\\\/\",\"logo\":{\"@type\":\"ImageObject\",\"inLanguage\":\"tr\",\"@id\":\"https:\\\/\\\/balikesirliler.com\\\/tr\\\/#\\\/schema\\\/logo\\\/image\\\/\",\"url\":\"https:\\\/\\\/balikesirliler.com\\\/wp-content\\\/uploads\\\/2021\\\/09\\\/logo_180x180.png\",\"contentUrl\":\"https:\\\/\\\/balikesirliler.com\\\/wp-content\\\/uploads\\\/2021\\\/09\\\/logo_180x180.png\",\"width\":180,\"height\":180,\"caption\":\"Bal-Der e.V.\"},\"image\":{\"@id\":\"https:\\\/\\\/balikesirliler.com\\\/tr\\\/#\\\/schema\\\/logo\\\/image\\\/\"}}]}<\/script>\n<!-- \/ Yoast SEO plugin. -->","yoast_head_json":{"title":"Ziyaret\u00e7i defteri - Bal-Der e.V","robots":{"index":"index","follow":"follow","max-snippet":"max-snippet:-1","max-image-preview":"max-image-preview:large","max-video-preview":"max-video-preview:-1"},"canonical":"https:\/\/balikesirliler.com\/tr\/ziyaretci-defteri\/","og_locale":"tr_TR","og_type":"article","og_title":"Ziyaret\u00e7i defteri - Bal-Der e.V","og_url":"https:\/\/balikesirliler.com\/tr\/ziyaretci-defteri\/","og_site_name":"Bal-Der e.V","article_modified_time":"2021-12-23T23:59:40+00:00","twitter_card":"summary_large_image","schema":{"@context":"https:\/\/schema.org","@graph":[{"@type":"WebPage","@id":"https:\/\/balikesirliler.com\/tr\/ziyaretci-defteri\/","url":"https:\/\/balikesirliler.com\/tr\/ziyaretci-defteri\/","name":"Ziyaret\u00e7i defteri - Bal-Der e.V","isPartOf":{"@id":"https:\/\/balikesirliler.com\/tr\/#website"},"datePublished":"2021-09-12T11:33:14+00:00","dateModified":"2021-12-23T23:59:40+00:00","breadcrumb":{"@id":"https:\/\/balikesirliler.com\/tr\/ziyaretci-defteri\/#breadcrumb"},"inLanguage":"tr","potentialAction":[{"@type":"ReadAction","target":["https:\/\/balikesirliler.com\/tr\/ziyaretci-defteri\/"]}]},{"@type":"BreadcrumbList","@id":"https:\/\/balikesirliler.com\/tr\/ziyaretci-defteri\/#breadcrumb","itemListElement":[{"@type":"ListItem","position":1,"name":"BAL-DER","item":"https:\/\/balikesirliler.com\/tr\/"},{"@type":"ListItem","position":2,"name":"Ziyaret\u00e7i defteri"}]},{"@type":"WebSite","@id":"https:\/\/balikesirliler.com\/tr\/#website","url":"https:\/\/balikesirliler.com\/tr\/","name":"Bal-Der e.V","description":"Kultur- und Unterst\u00fctzungsverein","publisher":{"@id":"https:\/\/balikesirliler.com\/tr\/#organization"},"potentialAction":[{"@type":"SearchAction","target":{"@type":"EntryPoint","urlTemplate":"https:\/\/balikesirliler.com\/tr\/?s={search_term_string}"},"query-input":{"@type":"PropertyValueSpecification","valueRequired":true,"valueName":"search_term_string"}}],"inLanguage":"tr"},{"@type":"Organization","@id":"https:\/\/balikesirliler.com\/tr\/#organization","name":"Bal-Der e.V.","url":"https:\/\/balikesirliler.com\/tr\/","logo":{"@type":"ImageObject","inLanguage":"tr","@id":"https:\/\/balikesirliler.com\/tr\/#\/schema\/logo\/image\/","url":"https:\/\/balikesirliler.com\/wp-content\/uploads\/2021\/09\/logo_180x180.png","contentUrl":"https:\/\/balikesirliler.com\/wp-content\/uploads\/2021\/09\/logo_180x180.png","width":180,"height":180,"caption":"Bal-Der e.V."},"image":{"@id":"https:\/\/balikesirliler.com\/tr\/#\/schema\/logo\/image\/"}}]}},"jetpack_sharing_enabled":true,"_links":{"self":[{"href":"https:\/\/balikesirliler.com\/tr\/wp-json\/wp\/v2\/pages\/234","targetHints":{"allow":["GET"]}}],"collection":[{"href":"https:\/\/balikesirliler.com\/tr\/wp-json\/wp\/v2\/pages"}],"about":[{"href":"https:\/\/balikesirliler.com\/tr\/wp-json\/wp\/v2\/types\/page"}],"author":[{"embeddable":true,"href":"https:\/\/balikesirliler.com\/tr\/wp-json\/wp\/v2\/users\/2"}],"replies":[{"embeddable":true,"href":"https:\/\/balikesirliler.com\/tr\/wp-json\/wp\/v2\/comments?post=234"}],"version-history":[{"count":3,"href":"https:\/\/balikesirliler.com\/tr\/wp-json\/wp\/v2\/pages\/234\/revisions"}],"predecessor-version":[{"id":1768,"href":"https:\/\/balikesirliler.com\/tr\/wp-json\/wp\/v2\/pages\/234\/revisions\/1768"}],"wp:attachment":[{"href":"https:\/\/balikesirliler.com\/tr\/wp-json\/wp\/v2\/media?parent=234"}],"curies":[{"name":"wp","href":"https:\/\/api.w.org\/{rel}","templated":true}]}}