{"id":1734,"date":"2021-12-24T00:49:09","date_gmt":"2021-12-23T23:49:09","guid":{"rendered":"https:\/\/balikesirliler.com\/?page_id=1734"},"modified":"2024-04-09T16:36:18","modified_gmt":"2024-04-09T14:36:18","slug":"iletisim","status":"publish","type":"page","link":"https:\/\/balikesirliler.com\/tr\/genclik\/iletisim\/","title":{"rendered":"Gen\u00e7lik \u0130leti\u015fim"},"content":{"rendered":"\t\t<div data-elementor-type=\"wp-page\" data-elementor-id=\"1734\" class=\"elementor elementor-1734\" data-elementor-post-type=\"page\">\n\t\t\t\t\t\t<section class=\"elementor-section elementor-top-section elementor-element elementor-element-e286be8 elementor-section-boxed elementor-section-height-default elementor-section-height-default\" data-id=\"e286be8\" data-element_type=\"section\" data-e-type=\"section\">\n\t\t\t\t\t\t<div class=\"elementor-container elementor-column-gap-default\">\n\t\t\t\t\t<div class=\"elementor-column elementor-col-100 elementor-top-column elementor-element elementor-element-f9f48ec\" data-id=\"f9f48ec\" data-element_type=\"column\" data-e-type=\"column\">\n\t\t\t<div class=\"elementor-widget-wrap elementor-element-populated\">\n\t\t\t\t\t\t<div class=\"elementor-element elementor-element-7f58b6b elementor-button-align-stretch elementor-widget elementor-widget-form\" data-id=\"7f58b6b\" data-element_type=\"widget\" data-e-type=\"widget\" data-settings=\"{&quot;step_next_label&quot;:&quot;N\\u00e4chster&quot;,&quot;step_previous_label&quot;:&quot;Voriger&quot;,&quot;button_width&quot;:&quot;100&quot;,&quot;step_type&quot;:&quot;number_text&quot;,&quot;step_icon_shape&quot;:&quot;circle&quot;}\" data-widget_type=\"form.default\">\n\t\t\t\t<div class=\"elementor-widget-container\">\n\t\t\t\t\t\t\t<form class=\"elementor-form\" method=\"post\" name=\"Neues Formular\" aria-label=\"Neues Formular\">\n\t\t\t<input type=\"hidden\" name=\"post_id\" value=\"1734\"\/>\n\t\t\t<input type=\"hidden\" name=\"form_id\" value=\"7f58b6b\"\/>\n\t\t\t<input type=\"hidden\" name=\"referer_title\" value=\"Gen\u00e7lik \u0130leti\u015fim - Bal-Der e.V\" \/>\n\n\t\t\t\t\t\t\t<input type=\"hidden\" name=\"queried_id\" value=\"1734\"\/>\n\t\t\t\n\t\t\t<div class=\"elementor-form-fields-wrapper elementor-labels-\">\n\t\t\t\t\t\t\t\t<div class=\"elementor-field-type-text elementor-field-group elementor-column elementor-field-group-vorname elementor-col-50\">\n\t\t\t\t\t\t\t\t\t\t\t\t<label for=\"form-field-vorname\" class=\"elementor-field-label elementor-screen-only\">\n\t\t\t\t\t\t\t\tAd\u0131\t\t\t\t\t\t\t<\/label>\n\t\t\t\t\t\t\t\t\t\t\t\t\t\t<input size=\"1\" type=\"text\" name=\"form_fields[vorname]\" id=\"form-field-vorname\" class=\"elementor-field elementor-size-sm  elementor-field-textual\" placeholder=\"Ad\u0131\">\n\t\t\t\t\t\t\t\t\t\t\t<\/div>\n\t\t\t\t\t\t\t\t<div class=\"elementor-field-type-text elementor-field-group elementor-column elementor-field-group-name elementor-col-50\">\n\t\t\t\t\t\t\t\t\t\t\t\t<label for=\"form-field-name\" class=\"elementor-field-label elementor-screen-only\">\n\t\t\t\t\t\t\t\tSoyad\u0131\t\t\t\t\t\t\t<\/label>\n\t\t\t\t\t\t\t\t\t\t\t\t\t\t<input size=\"1\" type=\"text\" name=\"form_fields[name]\" id=\"form-field-name\" class=\"elementor-field elementor-size-sm  elementor-field-textual\" placeholder=\"Soyad\u0131\">\n\t\t\t\t\t\t\t\t\t\t\t<\/div>\n\t\t\t\t\t\t\t\t<div class=\"elementor-field-type-email elementor-field-group elementor-column elementor-field-group-email elementor-col-50 elementor-field-required\">\n\t\t\t\t\t\t\t\t\t\t\t\t<label for=\"form-field-email\" class=\"elementor-field-label elementor-screen-only\">\n\t\t\t\t\t\t\t\tE-Mail*\t\t\t\t\t\t\t<\/label>\n\t\t\t\t\t\t\t\t\t\t\t\t\t\t<input size=\"1\" type=\"email\" name=\"form_fields[email]\" id=\"form-field-email\" class=\"elementor-field elementor-size-sm  elementor-field-textual\" placeholder=\"E-Posta*\" required=\"required\">\n\t\t\t\t\t\t\t\t\t\t\t<\/div>\n\t\t\t\t\t\t\t\t<div class=\"elementor-field-type-text elementor-field-group elementor-column elementor-field-group-telefonnummer elementor-col-50\">\n\t\t\t\t\t\t\t\t\t\t\t\t<label for=\"form-field-telefonnummer\" class=\"elementor-field-label elementor-screen-only\">\n\t\t\t\t\t\t\t\tTelefon\t\t\t\t\t\t\t<\/label>\n\t\t\t\t\t\t\t\t\t\t\t\t\t\t<input size=\"1\" type=\"text\" name=\"form_fields[telefonnummer]\" id=\"form-field-telefonnummer\" class=\"elementor-field elementor-size-sm  elementor-field-textual\" placeholder=\"Telefon\">\n\t\t\t\t\t\t\t\t\t\t\t<\/div>\n\t\t\t\t\t\t\t\t<div class=\"elementor-field-type-text\">\n\t\t\t\t\t<input size=\"1\" type=\"text\" name=\"form_fields[field_53eed61]\" id=\"form-field-field_53eed61\" class=\"elementor-field elementor-size-sm \" style=\"display:none !important;\">\t\t\t\t<\/div>\n\t\t\t\t\t\t\t\t<div class=\"elementor-field-type-textarea elementor-field-group elementor-column elementor-field-group-message elementor-col-100\">\n\t\t\t\t\t\t\t\t\t\t\t\t<label for=\"form-field-message\" class=\"elementor-field-label elementor-screen-only\">\n\t\t\t\t\t\t\t\tMesaj\t\t\t\t\t\t\t<\/label>\n\t\t\t\t\t\t<textarea class=\"elementor-field-textual elementor-field  elementor-size-sm\" name=\"form_fields[message]\" id=\"form-field-message\" rows=\"4\" placeholder=\"Mesaj\"><\/textarea>\t\t\t\t<\/div>\n\t\t\t\t\t\t\t\t<div class=\"elementor-field-type-acceptance elementor-field-group elementor-column elementor-field-group-field_5319229 elementor-col-100 elementor-field-required\">\n\t\t\t\t\t\t\t<div class=\"elementor-field-subgroup\">\n\t\t\t<span class=\"elementor-field-option\">\n\t\t\t\t<input type=\"checkbox\" name=\"form_fields[field_5319229]\" id=\"form-field-field_5319229\" class=\"elementor-field elementor-size-sm  elementor-acceptance-field\" required=\"required\">\n\t\t\t\t<label for=\"form-field-field_5319229\"><a href=\"https:\/\/balikesirliler.com\/tr\/kisisel-verilerin-korunmasi\/\">Ki\u015fisel Verilerin Korunmas\u0131n\u0131\n<\/a>okudum ve gerek\u00e7eleri kabul ediyorum.<\/label>\t\t\t<\/span>\n\t\t<\/div>\n\t\t\t\t\t\t<\/div>\n\t\t\t\t\t\t\t\t<div class=\"elementor-field-group elementor-column elementor-field-type-submit elementor-col-100 e-form__buttons\">\n\t\t\t\t\t<button class=\"elementor-button elementor-size-sm\" type=\"submit\">\n\t\t\t\t\t\t<span class=\"elementor-button-content-wrapper\">\n\t\t\t\t\t\t\t\t\t\t\t\t\t\t\t\t\t\t\t\t\t\t<span class=\"elementor-button-text\">G\u00f6nder<\/span>\n\t\t\t\t\t\t\t\t\t\t\t\t\t<\/span>\n\t\t\t\t\t<\/button>\n\t\t\t\t<\/div>\n\t\t\t<\/div>\n\t\t<\/form>\n\t\t\t\t\t\t<\/div>\n\t\t\t\t<\/div>\n\t\t\t\t\t<\/div>\n\t\t<\/div>\n\t\t\t\t\t<\/div>\n\t\t<\/section>\n\t\t\t\t<\/div>\n\t\t","protected":false},"excerpt":{"rendered":"","protected":false},"author":2,"featured_media":0,"parent":634,"menu_order":0,"comment_status":"closed","ping_status":"closed","template":"","meta":{"_acf_changed":false,"footnotes":""},"class_list":["post-1734","page","type-page","status-publish","hentry"],"acf":[],"yoast_head":"<!-- This site is optimized with the Yoast SEO plugin v27.6 - https:\/\/yoast.com\/product\/yoast-seo-wordpress\/ -->\n<title>Gen\u00e7lik \u0130leti\u015fim - Bal-Der e.V<\/title>\n<meta name=\"robots\" content=\"index, follow, max-snippet:-1, max-image-preview:large, max-video-preview:-1\" \/>\n<link rel=\"canonical\" href=\"https:\/\/balikesirliler.com\/tr\/genclik\/iletisim\/\" \/>\n<meta property=\"og:locale\" content=\"tr_TR\" \/>\n<meta property=\"og:type\" content=\"article\" \/>\n<meta property=\"og:title\" content=\"Gen\u00e7lik \u0130leti\u015fim - Bal-Der e.V\" \/>\n<meta property=\"og:url\" content=\"https:\/\/balikesirliler.com\/tr\/genclik\/iletisim\/\" \/>\n<meta property=\"og:site_name\" content=\"Bal-Der e.V\" \/>\n<meta property=\"article:modified_time\" content=\"2024-04-09T14:36:18+00:00\" \/>\n<meta name=\"twitter:card\" content=\"summary_large_image\" \/>\n<script type=\"application\/ld+json\" class=\"yoast-schema-graph\">{\"@context\":\"https:\\\/\\\/schema.org\",\"@graph\":[{\"@type\":\"WebPage\",\"@id\":\"https:\\\/\\\/balikesirliler.com\\\/tr\\\/genclik\\\/iletisim\\\/\",\"url\":\"https:\\\/\\\/balikesirliler.com\\\/tr\\\/genclik\\\/iletisim\\\/\",\"name\":\"Gen\u00e7lik \u0130leti\u015fim - Bal-Der e.V\",\"isPartOf\":{\"@id\":\"https:\\\/\\\/balikesirliler.com\\\/tr\\\/#website\"},\"datePublished\":\"2021-12-23T23:49:09+00:00\",\"dateModified\":\"2024-04-09T14:36:18+00:00\",\"breadcrumb\":{\"@id\":\"https:\\\/\\\/balikesirliler.com\\\/tr\\\/genclik\\\/iletisim\\\/#breadcrumb\"},\"inLanguage\":\"tr\",\"potentialAction\":[{\"@type\":\"ReadAction\",\"target\":[\"https:\\\/\\\/balikesirliler.com\\\/tr\\\/genclik\\\/iletisim\\\/\"]}]},{\"@type\":\"BreadcrumbList\",\"@id\":\"https:\\\/\\\/balikesirliler.com\\\/tr\\\/genclik\\\/iletisim\\\/#breadcrumb\",\"itemListElement\":[{\"@type\":\"ListItem\",\"position\":1,\"name\":\"BAL-DER\",\"item\":\"https:\\\/\\\/balikesirliler.com\\\/tr\\\/\"},{\"@type\":\"ListItem\",\"position\":2,\"name\":\"Gen\u00e7lik\",\"item\":\"https:\\\/\\\/balikesirliler.com\\\/tr\\\/genclik\\\/\"},{\"@type\":\"ListItem\",\"position\":3,\"name\":\"Gen\u00e7lik \u0130leti\u015fim\"}]},{\"@type\":\"WebSite\",\"@id\":\"https:\\\/\\\/balikesirliler.com\\\/tr\\\/#website\",\"url\":\"https:\\\/\\\/balikesirliler.com\\\/tr\\\/\",\"name\":\"Bal-Der e.V\",\"description\":\"Kultur- und Unterst\u00fctzungsverein\",\"publisher\":{\"@id\":\"https:\\\/\\\/balikesirliler.com\\\/tr\\\/#organization\"},\"potentialAction\":[{\"@type\":\"SearchAction\",\"target\":{\"@type\":\"EntryPoint\",\"urlTemplate\":\"https:\\\/\\\/balikesirliler.com\\\/tr\\\/?s={search_term_string}\"},\"query-input\":{\"@type\":\"PropertyValueSpecification\",\"valueRequired\":true,\"valueName\":\"search_term_string\"}}],\"inLanguage\":\"tr\"},{\"@type\":\"Organization\",\"@id\":\"https:\\\/\\\/balikesirliler.com\\\/tr\\\/#organization\",\"name\":\"Bal-Der e.V.\",\"url\":\"https:\\\/\\\/balikesirliler.com\\\/tr\\\/\",\"logo\":{\"@type\":\"ImageObject\",\"inLanguage\":\"tr\",\"@id\":\"https:\\\/\\\/balikesirliler.com\\\/tr\\\/#\\\/schema\\\/logo\\\/image\\\/\",\"url\":\"https:\\\/\\\/balikesirliler.com\\\/wp-content\\\/uploads\\\/2021\\\/09\\\/logo_180x180.png\",\"contentUrl\":\"https:\\\/\\\/balikesirliler.com\\\/wp-content\\\/uploads\\\/2021\\\/09\\\/logo_180x180.png\",\"width\":180,\"height\":180,\"caption\":\"Bal-Der e.V.\"},\"image\":{\"@id\":\"https:\\\/\\\/balikesirliler.com\\\/tr\\\/#\\\/schema\\\/logo\\\/image\\\/\"}}]}<\/script>\n<!-- \/ Yoast SEO plugin. -->","yoast_head_json":{"title":"Gen\u00e7lik \u0130leti\u015fim - Bal-Der e.V","robots":{"index":"index","follow":"follow","max-snippet":"max-snippet:-1","max-image-preview":"max-image-preview:large","max-video-preview":"max-video-preview:-1"},"canonical":"https:\/\/balikesirliler.com\/tr\/genclik\/iletisim\/","og_locale":"tr_TR","og_type":"article","og_title":"Gen\u00e7lik \u0130leti\u015fim - Bal-Der e.V","og_url":"https:\/\/balikesirliler.com\/tr\/genclik\/iletisim\/","og_site_name":"Bal-Der e.V","article_modified_time":"2024-04-09T14:36:18+00:00","twitter_card":"summary_large_image","schema":{"@context":"https:\/\/schema.org","@graph":[{"@type":"WebPage","@id":"https:\/\/balikesirliler.com\/tr\/genclik\/iletisim\/","url":"https:\/\/balikesirliler.com\/tr\/genclik\/iletisim\/","name":"Gen\u00e7lik \u0130leti\u015fim - Bal-Der e.V","isPartOf":{"@id":"https:\/\/balikesirliler.com\/tr\/#website"},"datePublished":"2021-12-23T23:49:09+00:00","dateModified":"2024-04-09T14:36:18+00:00","breadcrumb":{"@id":"https:\/\/balikesirliler.com\/tr\/genclik\/iletisim\/#breadcrumb"},"inLanguage":"tr","potentialAction":[{"@type":"ReadAction","target":["https:\/\/balikesirliler.com\/tr\/genclik\/iletisim\/"]}]},{"@type":"BreadcrumbList","@id":"https:\/\/balikesirliler.com\/tr\/genclik\/iletisim\/#breadcrumb","itemListElement":[{"@type":"ListItem","position":1,"name":"BAL-DER","item":"https:\/\/balikesirliler.com\/tr\/"},{"@type":"ListItem","position":2,"name":"Gen\u00e7lik","item":"https:\/\/balikesirliler.com\/tr\/genclik\/"},{"@type":"ListItem","position":3,"name":"Gen\u00e7lik \u0130leti\u015fim"}]},{"@type":"WebSite","@id":"https:\/\/balikesirliler.com\/tr\/#website","url":"https:\/\/balikesirliler.com\/tr\/","name":"Bal-Der e.V","description":"Kultur- und Unterst\u00fctzungsverein","publisher":{"@id":"https:\/\/balikesirliler.com\/tr\/#organization"},"potentialAction":[{"@type":"SearchAction","target":{"@type":"EntryPoint","urlTemplate":"https:\/\/balikesirliler.com\/tr\/?s={search_term_string}"},"query-input":{"@type":"PropertyValueSpecification","valueRequired":true,"valueName":"search_term_string"}}],"inLanguage":"tr"},{"@type":"Organization","@id":"https:\/\/balikesirliler.com\/tr\/#organization","name":"Bal-Der e.V.","url":"https:\/\/balikesirliler.com\/tr\/","logo":{"@type":"ImageObject","inLanguage":"tr","@id":"https:\/\/balikesirliler.com\/tr\/#\/schema\/logo\/image\/","url":"https:\/\/balikesirliler.com\/wp-content\/uploads\/2021\/09\/logo_180x180.png","contentUrl":"https:\/\/balikesirliler.com\/wp-content\/uploads\/2021\/09\/logo_180x180.png","width":180,"height":180,"caption":"Bal-Der e.V."},"image":{"@id":"https:\/\/balikesirliler.com\/tr\/#\/schema\/logo\/image\/"}}]}},"jetpack_sharing_enabled":true,"_links":{"self":[{"href":"https:\/\/balikesirliler.com\/tr\/wp-json\/wp\/v2\/pages\/1734","targetHints":{"allow":["GET"]}}],"collection":[{"href":"https:\/\/balikesirliler.com\/tr\/wp-json\/wp\/v2\/pages"}],"about":[{"href":"https:\/\/balikesirliler.com\/tr\/wp-json\/wp\/v2\/types\/page"}],"author":[{"embeddable":true,"href":"https:\/\/balikesirliler.com\/tr\/wp-json\/wp\/v2\/users\/2"}],"replies":[{"embeddable":true,"href":"https:\/\/balikesirliler.com\/tr\/wp-json\/wp\/v2\/comments?post=1734"}],"version-history":[{"count":12,"href":"https:\/\/balikesirliler.com\/tr\/wp-json\/wp\/v2\/pages\/1734\/revisions"}],"predecessor-version":[{"id":3317,"href":"https:\/\/balikesirliler.com\/tr\/wp-json\/wp\/v2\/pages\/1734\/revisions\/3317"}],"up":[{"embeddable":true,"href":"https:\/\/balikesirliler.com\/tr\/wp-json\/wp\/v2\/pages\/634"}],"wp:attachment":[{"href":"https:\/\/balikesirliler.com\/tr\/wp-json\/wp\/v2\/media?parent=1734"}],"curies":[{"name":"wp","href":"https:\/\/api.w.org\/{rel}","templated":true}]}}