{"id":1529,"date":"2021-12-22T01:19:14","date_gmt":"2021-12-22T00:19:14","guid":{"rendered":"https:\/\/balikesirliler.com\/?page_id=1529"},"modified":"2021-12-23T17:31:31","modified_gmt":"2021-12-23T16:31:31","slug":"aktueel-zeybek-duyuru-ve-bildiriler","status":"publish","type":"page","link":"https:\/\/balikesirliler.com\/tr\/aktueel-zeybek-duyuru-ve-bildiriler\/","title":{"rendered":"Akt\u00fcel Zeybek Duyuru ve Bildiriler"},"content":{"rendered":"<p><strong>Almanya Bal\u0131kesirliler K\u00fclt\u00fcr ve Dayan\u0131\u015fma Derne\u011fi (BAL-DER) Zeybek Ekibi<\/strong><\/p>\n<p><a href=\"https:\/\/balikesirliler.com\/wp-content\/uploads\/RTQU8429.jpg\"><img fetchpriority=\"high\" decoding=\"async\" class=\"alignright wp-image-878\" src=\"https:\/\/balikesirliler.com\/wp-content\/uploads\/RTQU8429-300x200.jpg\" alt=\"\" width=\"377\" height=\"251\" srcset=\"https:\/\/balikesirliler.com\/wp-content\/uploads\/RTQU8429-300x200.jpg 300w, https:\/\/balikesirliler.com\/wp-content\/uploads\/RTQU8429-1024x682.jpg 1024w, https:\/\/balikesirliler.com\/wp-content\/uploads\/RTQU8429-768x512.jpg 768w, https:\/\/balikesirliler.com\/wp-content\/uploads\/RTQU8429-1536x1023.jpg 1536w, https:\/\/balikesirliler.com\/wp-content\/uploads\/RTQU8429.jpg 1600w\" sizes=\"(max-width: 377px) 100vw, 377px\" \/><\/a><\/p>\n<p><strong>\u00c7al\u0131\u015fma saatlerimiz:<\/strong><\/p>\n<ul>\n<li>Kursumuza yeni ba\u015flayanlar i\u00e7in Cuma g\u00fcnleri: Saat 18.00 \u2013 19.00<\/li>\n<li>12 ya\u015f\u0131ndan k\u00fc\u00e7\u00fckler i\u00e7in Cuma g\u00fcnleri: Saat 19.00 \u2013 20.00<\/li>\n<li>12 ya\u015f\u0131ndan b\u00fcy\u00fckler i\u00e7in ise Cuma g\u00fcnleri: Saat\u00a0 20.00 \u2013 21.00<\/li>\n<\/ul>\n<p>&nbsp;<\/p>\n<p>Ayr\u0131ca \u00c7ar\u015famba g\u00fcnleri Saat 18.00 \u2013 19.00 aras\u0131nda yeni ba\u015flayan arkada\u015flar\u0131m\u0131z i\u00e7in, ihtiya\u00e7 dahilinde \u00e7al\u0131\u015fmalar yap\u0131lmaktad\u0131r.<\/p>\n","protected":false},"excerpt":{"rendered":"<p>Almanya Bal\u0131kesirliler K\u00fclt\u00fcr ve Dayan\u0131\u015fma Derne\u011fi (BAL-DER) Zeybek Ekibi \u00c7al\u0131\u015fma saatlerimiz: Kursumuza yeni ba\u015flayanlar i\u00e7in Cuma g\u00fcnleri: Saat 18.00 \u2013 19.00 12 ya\u015f\u0131ndan k\u00fc\u00e7\u00fckler i\u00e7in Cuma g\u00fcnleri: Saat 19.00 \u2013 20.00 12 ya\u015f\u0131ndan b\u00fcy\u00fckler i\u00e7in ise Cuma g\u00fcnleri: Saat\u00a0 20.00 \u2013 21.00 &nbsp; Ayr\u0131ca \u00c7ar\u015famba g\u00fcnleri Saat 18.00 \u2013 19.00 aras\u0131nda yeni ba\u015flayan arkada\u015flar\u0131m\u0131z i\u00e7in, [&hellip;]<\/p>\n","protected":false},"author":2,"featured_media":914,"parent":0,"menu_order":0,"comment_status":"closed","ping_status":"closed","template":"","meta":{"_acf_changed":false,"footnotes":""},"class_list":["post-1529","page","type-page","status-publish","has-post-thumbnail","hentry"],"acf":[],"yoast_head":"<!-- This site is optimized with the Yoast SEO plugin v27.4 - https:\/\/yoast.com\/product\/yoast-seo-wordpress\/ -->\n<title>Akt\u00fcel Zeybek Duyuru ve Bildiriler - Bal-Der e.V<\/title>\n<meta name=\"robots\" content=\"index, follow, max-snippet:-1, max-image-preview:large, max-video-preview:-1\" \/>\n<link rel=\"canonical\" href=\"https:\/\/balikesirliler.com\/tr\/aktueel-zeybek-duyuru-ve-bildiriler\/\" \/>\n<meta property=\"og:locale\" content=\"tr_TR\" \/>\n<meta property=\"og:type\" content=\"article\" \/>\n<meta property=\"og:title\" content=\"Akt\u00fcel Zeybek Duyuru ve Bildiriler - Bal-Der e.V\" \/>\n<meta property=\"og:description\" content=\"Almanya Bal\u0131kesirliler K\u00fclt\u00fcr ve Dayan\u0131\u015fma Derne\u011fi (BAL-DER) Zeybek Ekibi \u00c7al\u0131\u015fma saatlerimiz: Kursumuza yeni ba\u015flayanlar i\u00e7in Cuma g\u00fcnleri: Saat 18.00 \u2013 19.00 12 ya\u015f\u0131ndan k\u00fc\u00e7\u00fckler i\u00e7in Cuma g\u00fcnleri: Saat 19.00 \u2013 20.00 12 ya\u015f\u0131ndan b\u00fcy\u00fckler i\u00e7in ise Cuma g\u00fcnleri: Saat\u00a0 20.00 \u2013 21.00 &nbsp; Ayr\u0131ca \u00c7ar\u015famba g\u00fcnleri Saat 18.00 \u2013 19.00 aras\u0131nda yeni ba\u015flayan arkada\u015flar\u0131m\u0131z i\u00e7in, [&hellip;]\" \/>\n<meta property=\"og:url\" content=\"https:\/\/balikesirliler.com\/tr\/aktueel-zeybek-duyuru-ve-bildiriler\/\" \/>\n<meta property=\"og:site_name\" content=\"Bal-Der e.V\" \/>\n<meta property=\"article:modified_time\" content=\"2021-12-23T16:31:31+00:00\" \/>\n<meta property=\"og:image\" content=\"https:\/\/balikesirliler.com\/wp-content\/uploads\/IMG_3245.jpg\" \/>\n\t<meta property=\"og:image:width\" content=\"2048\" \/>\n\t<meta property=\"og:image:height\" content=\"830\" \/>\n\t<meta property=\"og:image:type\" content=\"image\/jpeg\" \/>\n<meta name=\"twitter:card\" content=\"summary_large_image\" \/>\n<script type=\"application\/ld+json\" class=\"yoast-schema-graph\">{\"@context\":\"https:\\\/\\\/schema.org\",\"@graph\":[{\"@type\":\"WebPage\",\"@id\":\"https:\\\/\\\/balikesirliler.com\\\/tr\\\/aktueel-zeybek-duyuru-ve-bildiriler\\\/\",\"url\":\"https:\\\/\\\/balikesirliler.com\\\/tr\\\/aktueel-zeybek-duyuru-ve-bildiriler\\\/\",\"name\":\"Akt\u00fcel Zeybek Duyuru ve Bildiriler - Bal-Der e.V\",\"isPartOf\":{\"@id\":\"https:\\\/\\\/balikesirliler.com\\\/tr\\\/#website\"},\"primaryImageOfPage\":{\"@id\":\"https:\\\/\\\/balikesirliler.com\\\/tr\\\/aktueel-zeybek-duyuru-ve-bildiriler\\\/#primaryimage\"},\"image\":{\"@id\":\"https:\\\/\\\/balikesirliler.com\\\/tr\\\/aktueel-zeybek-duyuru-ve-bildiriler\\\/#primaryimage\"},\"thumbnailUrl\":\"https:\\\/\\\/balikesirliler.com\\\/wp-content\\\/uploads\\\/IMG_3245.jpg\",\"datePublished\":\"2021-12-22T00:19:14+00:00\",\"dateModified\":\"2021-12-23T16:31:31+00:00\",\"breadcrumb\":{\"@id\":\"https:\\\/\\\/balikesirliler.com\\\/tr\\\/aktueel-zeybek-duyuru-ve-bildiriler\\\/#breadcrumb\"},\"inLanguage\":\"tr\",\"potentialAction\":[{\"@type\":\"ReadAction\",\"target\":[\"https:\\\/\\\/balikesirliler.com\\\/tr\\\/aktueel-zeybek-duyuru-ve-bildiriler\\\/\"]}]},{\"@type\":\"ImageObject\",\"inLanguage\":\"tr\",\"@id\":\"https:\\\/\\\/balikesirliler.com\\\/tr\\\/aktueel-zeybek-duyuru-ve-bildiriler\\\/#primaryimage\",\"url\":\"https:\\\/\\\/balikesirliler.com\\\/wp-content\\\/uploads\\\/IMG_3245.jpg\",\"contentUrl\":\"https:\\\/\\\/balikesirliler.com\\\/wp-content\\\/uploads\\\/IMG_3245.jpg\",\"width\":2048,\"height\":830},{\"@type\":\"BreadcrumbList\",\"@id\":\"https:\\\/\\\/balikesirliler.com\\\/tr\\\/aktueel-zeybek-duyuru-ve-bildiriler\\\/#breadcrumb\",\"itemListElement\":[{\"@type\":\"ListItem\",\"position\":1,\"name\":\"BAL-DER\",\"item\":\"https:\\\/\\\/balikesirliler.com\\\/tr\\\/\"},{\"@type\":\"ListItem\",\"position\":2,\"name\":\"Akt\u00fcel Zeybek Duyuru ve Bildiriler\"}]},{\"@type\":\"WebSite\",\"@id\":\"https:\\\/\\\/balikesirliler.com\\\/tr\\\/#website\",\"url\":\"https:\\\/\\\/balikesirliler.com\\\/tr\\\/\",\"name\":\"Bal-Der e.V\",\"description\":\"Kultur- und Unterst\u00fctzungsverein\",\"publisher\":{\"@id\":\"https:\\\/\\\/balikesirliler.com\\\/tr\\\/#organization\"},\"potentialAction\":[{\"@type\":\"SearchAction\",\"target\":{\"@type\":\"EntryPoint\",\"urlTemplate\":\"https:\\\/\\\/balikesirliler.com\\\/tr\\\/?s={search_term_string}\"},\"query-input\":{\"@type\":\"PropertyValueSpecification\",\"valueRequired\":true,\"valueName\":\"search_term_string\"}}],\"inLanguage\":\"tr\"},{\"@type\":\"Organization\",\"@id\":\"https:\\\/\\\/balikesirliler.com\\\/tr\\\/#organization\",\"name\":\"Bal-Der e.V.\",\"url\":\"https:\\\/\\\/balikesirliler.com\\\/tr\\\/\",\"logo\":{\"@type\":\"ImageObject\",\"inLanguage\":\"tr\",\"@id\":\"https:\\\/\\\/balikesirliler.com\\\/tr\\\/#\\\/schema\\\/logo\\\/image\\\/\",\"url\":\"https:\\\/\\\/balikesirliler.com\\\/wp-content\\\/uploads\\\/2021\\\/09\\\/logo_180x180.png\",\"contentUrl\":\"https:\\\/\\\/balikesirliler.com\\\/wp-content\\\/uploads\\\/2021\\\/09\\\/logo_180x180.png\",\"width\":180,\"height\":180,\"caption\":\"Bal-Der e.V.\"},\"image\":{\"@id\":\"https:\\\/\\\/balikesirliler.com\\\/tr\\\/#\\\/schema\\\/logo\\\/image\\\/\"}}]}<\/script>\n<!-- \/ Yoast SEO plugin. -->","yoast_head_json":{"title":"Akt\u00fcel Zeybek Duyuru ve Bildiriler - Bal-Der e.V","robots":{"index":"index","follow":"follow","max-snippet":"max-snippet:-1","max-image-preview":"max-image-preview:large","max-video-preview":"max-video-preview:-1"},"canonical":"https:\/\/balikesirliler.com\/tr\/aktueel-zeybek-duyuru-ve-bildiriler\/","og_locale":"tr_TR","og_type":"article","og_title":"Akt\u00fcel Zeybek Duyuru ve Bildiriler - Bal-Der e.V","og_description":"Almanya Bal\u0131kesirliler K\u00fclt\u00fcr ve Dayan\u0131\u015fma Derne\u011fi (BAL-DER) Zeybek Ekibi \u00c7al\u0131\u015fma saatlerimiz: Kursumuza yeni ba\u015flayanlar i\u00e7in Cuma g\u00fcnleri: Saat 18.00 \u2013 19.00 12 ya\u015f\u0131ndan k\u00fc\u00e7\u00fckler i\u00e7in Cuma g\u00fcnleri: Saat 19.00 \u2013 20.00 12 ya\u015f\u0131ndan b\u00fcy\u00fckler i\u00e7in ise Cuma g\u00fcnleri: Saat\u00a0 20.00 \u2013 21.00 &nbsp; Ayr\u0131ca \u00c7ar\u015famba g\u00fcnleri Saat 18.00 \u2013 19.00 aras\u0131nda yeni ba\u015flayan arkada\u015flar\u0131m\u0131z i\u00e7in, [&hellip;]","og_url":"https:\/\/balikesirliler.com\/tr\/aktueel-zeybek-duyuru-ve-bildiriler\/","og_site_name":"Bal-Der e.V","article_modified_time":"2021-12-23T16:31:31+00:00","og_image":[{"width":2048,"height":830,"url":"https:\/\/balikesirliler.com\/wp-content\/uploads\/IMG_3245.jpg","type":"image\/jpeg"}],"twitter_card":"summary_large_image","schema":{"@context":"https:\/\/schema.org","@graph":[{"@type":"WebPage","@id":"https:\/\/balikesirliler.com\/tr\/aktueel-zeybek-duyuru-ve-bildiriler\/","url":"https:\/\/balikesirliler.com\/tr\/aktueel-zeybek-duyuru-ve-bildiriler\/","name":"Akt\u00fcel Zeybek Duyuru ve Bildiriler - Bal-Der e.V","isPartOf":{"@id":"https:\/\/balikesirliler.com\/tr\/#website"},"primaryImageOfPage":{"@id":"https:\/\/balikesirliler.com\/tr\/aktueel-zeybek-duyuru-ve-bildiriler\/#primaryimage"},"image":{"@id":"https:\/\/balikesirliler.com\/tr\/aktueel-zeybek-duyuru-ve-bildiriler\/#primaryimage"},"thumbnailUrl":"https:\/\/balikesirliler.com\/wp-content\/uploads\/IMG_3245.jpg","datePublished":"2021-12-22T00:19:14+00:00","dateModified":"2021-12-23T16:31:31+00:00","breadcrumb":{"@id":"https:\/\/balikesirliler.com\/tr\/aktueel-zeybek-duyuru-ve-bildiriler\/#breadcrumb"},"inLanguage":"tr","potentialAction":[{"@type":"ReadAction","target":["https:\/\/balikesirliler.com\/tr\/aktueel-zeybek-duyuru-ve-bildiriler\/"]}]},{"@type":"ImageObject","inLanguage":"tr","@id":"https:\/\/balikesirliler.com\/tr\/aktueel-zeybek-duyuru-ve-bildiriler\/#primaryimage","url":"https:\/\/balikesirliler.com\/wp-content\/uploads\/IMG_3245.jpg","contentUrl":"https:\/\/balikesirliler.com\/wp-content\/uploads\/IMG_3245.jpg","width":2048,"height":830},{"@type":"BreadcrumbList","@id":"https:\/\/balikesirliler.com\/tr\/aktueel-zeybek-duyuru-ve-bildiriler\/#breadcrumb","itemListElement":[{"@type":"ListItem","position":1,"name":"BAL-DER","item":"https:\/\/balikesirliler.com\/tr\/"},{"@type":"ListItem","position":2,"name":"Akt\u00fcel Zeybek Duyuru ve Bildiriler"}]},{"@type":"WebSite","@id":"https:\/\/balikesirliler.com\/tr\/#website","url":"https:\/\/balikesirliler.com\/tr\/","name":"Bal-Der e.V","description":"Kultur- und Unterst\u00fctzungsverein","publisher":{"@id":"https:\/\/balikesirliler.com\/tr\/#organization"},"potentialAction":[{"@type":"SearchAction","target":{"@type":"EntryPoint","urlTemplate":"https:\/\/balikesirliler.com\/tr\/?s={search_term_string}"},"query-input":{"@type":"PropertyValueSpecification","valueRequired":true,"valueName":"search_term_string"}}],"inLanguage":"tr"},{"@type":"Organization","@id":"https:\/\/balikesirliler.com\/tr\/#organization","name":"Bal-Der e.V.","url":"https:\/\/balikesirliler.com\/tr\/","logo":{"@type":"ImageObject","inLanguage":"tr","@id":"https:\/\/balikesirliler.com\/tr\/#\/schema\/logo\/image\/","url":"https:\/\/balikesirliler.com\/wp-content\/uploads\/2021\/09\/logo_180x180.png","contentUrl":"https:\/\/balikesirliler.com\/wp-content\/uploads\/2021\/09\/logo_180x180.png","width":180,"height":180,"caption":"Bal-Der e.V."},"image":{"@id":"https:\/\/balikesirliler.com\/tr\/#\/schema\/logo\/image\/"}}]}},"jetpack_sharing_enabled":true,"_links":{"self":[{"href":"https:\/\/balikesirliler.com\/tr\/wp-json\/wp\/v2\/pages\/1529","targetHints":{"allow":["GET"]}}],"collection":[{"href":"https:\/\/balikesirliler.com\/tr\/wp-json\/wp\/v2\/pages"}],"about":[{"href":"https:\/\/balikesirliler.com\/tr\/wp-json\/wp\/v2\/types\/page"}],"author":[{"embeddable":true,"href":"https:\/\/balikesirliler.com\/tr\/wp-json\/wp\/v2\/users\/2"}],"replies":[{"embeddable":true,"href":"https:\/\/balikesirliler.com\/tr\/wp-json\/wp\/v2\/comments?post=1529"}],"version-history":[{"count":4,"href":"https:\/\/balikesirliler.com\/tr\/wp-json\/wp\/v2\/pages\/1529\/revisions"}],"predecessor-version":[{"id":1645,"href":"https:\/\/balikesirliler.com\/tr\/wp-json\/wp\/v2\/pages\/1529\/revisions\/1645"}],"wp:featuredmedia":[{"embeddable":true,"href":"https:\/\/balikesirliler.com\/tr\/wp-json\/wp\/v2\/media\/914"}],"wp:attachment":[{"href":"https:\/\/balikesirliler.com\/tr\/wp-json\/wp\/v2\/media?parent=1529"}],"curies":[{"name":"wp","href":"https:\/\/api.w.org\/{rel}","templated":true}]}}