{"id":1524,"date":"2021-12-22T00:54:53","date_gmt":"2021-12-21T23:54:53","guid":{"rendered":"https:\/\/balikesirliler.com\/?page_id=1524"},"modified":"2023-01-08T20:04:25","modified_gmt":"2023-01-08T19:04:25","slug":"aktueel-genclik-duyuru-ve-bildiriler","status":"publish","type":"page","link":"https:\/\/balikesirliler.com\/tr\/aktueel-genclik-duyuru-ve-bildiriler\/","title":{"rendered":"Akt\u00fcel Gen\u00e7lik Duyuru ve Bildiriler"},"content":{"rendered":"<p>Almanya Bal\u0131kesirliler Derne\u011fi gen\u00e7leri olarak 2010 y\u0131l\u0131nda dernekle\u015fme \u00e7al\u0131\u015fmalar\u0131na ba\u015flad\u0131k.<\/p>\n<p><img fetchpriority=\"high\" decoding=\"async\" class=\" wp-image-882 alignright\" src=\"https:\/\/balikesirliler.com\/wp-content\/uploads\/IMG_8901-300x225.jpg\" alt=\"\" width=\"373\" height=\"280\" srcset=\"https:\/\/balikesirliler.com\/wp-content\/uploads\/IMG_8901-300x225.jpg 300w, https:\/\/balikesirliler.com\/wp-content\/uploads\/IMG_8901-1024x768.jpg 1024w, https:\/\/balikesirliler.com\/wp-content\/uploads\/IMG_8901-768x576.jpg 768w, https:\/\/balikesirliler.com\/wp-content\/uploads\/IMG_8901-1536x1152.jpg 1536w, https:\/\/balikesirliler.com\/wp-content\/uploads\/IMG_8901-2048x1536.jpg 2048w\" sizes=\"(max-width: 373px) 100vw, 373px\" \/> Zaman i\u00e7inde gen\u00e7lik kollar\u0131 y\u00f6netmeli\u011fi \u00fczerine \u00e7al\u0131\u015fmalar\u0131m\u0131z oldu.<br \/>\nY\u0131l boyu yapaca\u011f\u0131m\u0131z \u00e7al\u0131\u015fmalar hakk\u0131nda birlikte konu\u015fma, tart\u0131\u015fma f\u0131rsat\u0131m\u0131z oluyor.<br \/>\n\u00c7al\u0131\u015fmalar\u0131m\u0131za kat\u0131lmak isteyen gen\u00e7lerimizin Bal\u0131kesirli olmas\u0131 gerekmiyor.<\/p>\n<p>Not: Dernek b\u00fcromuzda imkanlar elverdi\u011fi \u00f6l\u00e7\u00fcde, Cuma g\u00fcnleri Zeybek \u00e7al\u0131\u015fmalar\u0131 sonras\u0131 bulu\u015fuyoruz&#8230;<br \/>\nDernek b\u00fcromuzu ziyaret etmek isteyen arkada\u015flar\u0131m\u0131z<\/p>\n<p><a href=\"mailto:genclik@balikesirliler.com\">genclik@balikesirliler.com<\/a> adresinden mesaj ge\u00e7erek \u00f6nceden haber verebilir.<\/p>\n","protected":false},"excerpt":{"rendered":"<p>Almanya Bal\u0131kesirliler Derne\u011fi gen\u00e7leri olarak 2010 y\u0131l\u0131nda dernekle\u015fme \u00e7al\u0131\u015fmalar\u0131na ba\u015flad\u0131k. Zaman i\u00e7inde gen\u00e7lik kollar\u0131 y\u00f6netmeli\u011fi \u00fczerine \u00e7al\u0131\u015fmalar\u0131m\u0131z oldu. Y\u0131l boyu yapaca\u011f\u0131m\u0131z \u00e7al\u0131\u015fmalar hakk\u0131nda birlikte konu\u015fma, tart\u0131\u015fma f\u0131rsat\u0131m\u0131z oluyor. \u00c7al\u0131\u015fmalar\u0131m\u0131za kat\u0131lmak isteyen gen\u00e7lerimizin Bal\u0131kesirli olmas\u0131 gerekmiyor. Not: Dernek b\u00fcromuzda imkanlar elverdi\u011fi \u00f6l\u00e7\u00fcde, Cuma g\u00fcnleri Zeybek \u00e7al\u0131\u015fmalar\u0131 sonras\u0131 bulu\u015fuyoruz&#8230; Dernek b\u00fcromuzu ziyaret etmek isteyen arkada\u015flar\u0131m\u0131z genclik@balikesirliler.com adresinden [&hellip;]<\/p>\n","protected":false},"author":2,"featured_media":922,"parent":0,"menu_order":0,"comment_status":"closed","ping_status":"closed","template":"","meta":{"_acf_changed":false,"footnotes":""},"class_list":["post-1524","page","type-page","status-publish","has-post-thumbnail","hentry"],"acf":[],"yoast_head":"<!-- This site is optimized with the Yoast SEO plugin v27.4 - https:\/\/yoast.com\/product\/yoast-seo-wordpress\/ -->\n<title>Akt\u00fcel Gen\u00e7lik Duyuru ve Bildiriler - Bal-Der e.V<\/title>\n<meta name=\"robots\" content=\"index, follow, max-snippet:-1, max-image-preview:large, max-video-preview:-1\" \/>\n<link rel=\"canonical\" href=\"https:\/\/balikesirliler.com\/tr\/aktueel-genclik-duyuru-ve-bildiriler\/\" \/>\n<meta property=\"og:locale\" content=\"tr_TR\" \/>\n<meta property=\"og:type\" content=\"article\" \/>\n<meta property=\"og:title\" content=\"Akt\u00fcel Gen\u00e7lik Duyuru ve Bildiriler - Bal-Der e.V\" \/>\n<meta property=\"og:description\" content=\"Almanya Bal\u0131kesirliler Derne\u011fi gen\u00e7leri olarak 2010 y\u0131l\u0131nda dernekle\u015fme \u00e7al\u0131\u015fmalar\u0131na ba\u015flad\u0131k. Zaman i\u00e7inde gen\u00e7lik kollar\u0131 y\u00f6netmeli\u011fi \u00fczerine \u00e7al\u0131\u015fmalar\u0131m\u0131z oldu. Y\u0131l boyu yapaca\u011f\u0131m\u0131z \u00e7al\u0131\u015fmalar hakk\u0131nda birlikte konu\u015fma, tart\u0131\u015fma f\u0131rsat\u0131m\u0131z oluyor. \u00c7al\u0131\u015fmalar\u0131m\u0131za kat\u0131lmak isteyen gen\u00e7lerimizin Bal\u0131kesirli olmas\u0131 gerekmiyor. Not: Dernek b\u00fcromuzda imkanlar elverdi\u011fi \u00f6l\u00e7\u00fcde, Cuma g\u00fcnleri Zeybek \u00e7al\u0131\u015fmalar\u0131 sonras\u0131 bulu\u015fuyoruz&#8230; Dernek b\u00fcromuzu ziyaret etmek isteyen arkada\u015flar\u0131m\u0131z genclik@balikesirliler.com adresinden [&hellip;]\" \/>\n<meta property=\"og:url\" content=\"https:\/\/balikesirliler.com\/tr\/aktueel-genclik-duyuru-ve-bildiriler\/\" \/>\n<meta property=\"og:site_name\" content=\"Bal-Der e.V\" \/>\n<meta property=\"article:modified_time\" content=\"2023-01-08T19:04:25+00:00\" \/>\n<meta property=\"og:image\" content=\"https:\/\/balikesirliler.com\/wp-content\/uploads\/IMG_9055.jpg\" \/>\n\t<meta property=\"og:image:width\" content=\"577\" \/>\n\t<meta property=\"og:image:height\" content=\"578\" \/>\n\t<meta property=\"og:image:type\" content=\"image\/jpeg\" \/>\n<meta name=\"twitter:card\" content=\"summary_large_image\" \/>\n<meta name=\"twitter:label1\" content=\"Tahmini okuma s\u00fcresi\" \/>\n\t<meta name=\"twitter:data1\" content=\"1 dakika\" \/>\n<script type=\"application\/ld+json\" class=\"yoast-schema-graph\">{\"@context\":\"https:\\\/\\\/schema.org\",\"@graph\":[{\"@type\":\"WebPage\",\"@id\":\"https:\\\/\\\/balikesirliler.com\\\/tr\\\/aktueel-genclik-duyuru-ve-bildiriler\\\/\",\"url\":\"https:\\\/\\\/balikesirliler.com\\\/tr\\\/aktueel-genclik-duyuru-ve-bildiriler\\\/\",\"name\":\"Akt\u00fcel Gen\u00e7lik Duyuru ve Bildiriler - Bal-Der e.V\",\"isPartOf\":{\"@id\":\"https:\\\/\\\/balikesirliler.com\\\/tr\\\/#website\"},\"primaryImageOfPage\":{\"@id\":\"https:\\\/\\\/balikesirliler.com\\\/tr\\\/aktueel-genclik-duyuru-ve-bildiriler\\\/#primaryimage\"},\"image\":{\"@id\":\"https:\\\/\\\/balikesirliler.com\\\/tr\\\/aktueel-genclik-duyuru-ve-bildiriler\\\/#primaryimage\"},\"thumbnailUrl\":\"https:\\\/\\\/balikesirliler.com\\\/wp-content\\\/uploads\\\/IMG_9055.jpg\",\"datePublished\":\"2021-12-21T23:54:53+00:00\",\"dateModified\":\"2023-01-08T19:04:25+00:00\",\"breadcrumb\":{\"@id\":\"https:\\\/\\\/balikesirliler.com\\\/tr\\\/aktueel-genclik-duyuru-ve-bildiriler\\\/#breadcrumb\"},\"inLanguage\":\"tr\",\"potentialAction\":[{\"@type\":\"ReadAction\",\"target\":[\"https:\\\/\\\/balikesirliler.com\\\/tr\\\/aktueel-genclik-duyuru-ve-bildiriler\\\/\"]}]},{\"@type\":\"ImageObject\",\"inLanguage\":\"tr\",\"@id\":\"https:\\\/\\\/balikesirliler.com\\\/tr\\\/aktueel-genclik-duyuru-ve-bildiriler\\\/#primaryimage\",\"url\":\"https:\\\/\\\/balikesirliler.com\\\/wp-content\\\/uploads\\\/IMG_9055.jpg\",\"contentUrl\":\"https:\\\/\\\/balikesirliler.com\\\/wp-content\\\/uploads\\\/IMG_9055.jpg\",\"width\":577,\"height\":578},{\"@type\":\"BreadcrumbList\",\"@id\":\"https:\\\/\\\/balikesirliler.com\\\/tr\\\/aktueel-genclik-duyuru-ve-bildiriler\\\/#breadcrumb\",\"itemListElement\":[{\"@type\":\"ListItem\",\"position\":1,\"name\":\"BAL-DER\",\"item\":\"https:\\\/\\\/balikesirliler.com\\\/tr\\\/\"},{\"@type\":\"ListItem\",\"position\":2,\"name\":\"Akt\u00fcel Gen\u00e7lik Duyuru ve Bildiriler\"}]},{\"@type\":\"WebSite\",\"@id\":\"https:\\\/\\\/balikesirliler.com\\\/tr\\\/#website\",\"url\":\"https:\\\/\\\/balikesirliler.com\\\/tr\\\/\",\"name\":\"Bal-Der e.V\",\"description\":\"Kultur- und Unterst\u00fctzungsverein\",\"publisher\":{\"@id\":\"https:\\\/\\\/balikesirliler.com\\\/tr\\\/#organization\"},\"potentialAction\":[{\"@type\":\"SearchAction\",\"target\":{\"@type\":\"EntryPoint\",\"urlTemplate\":\"https:\\\/\\\/balikesirliler.com\\\/tr\\\/?s={search_term_string}\"},\"query-input\":{\"@type\":\"PropertyValueSpecification\",\"valueRequired\":true,\"valueName\":\"search_term_string\"}}],\"inLanguage\":\"tr\"},{\"@type\":\"Organization\",\"@id\":\"https:\\\/\\\/balikesirliler.com\\\/tr\\\/#organization\",\"name\":\"Bal-Der e.V.\",\"url\":\"https:\\\/\\\/balikesirliler.com\\\/tr\\\/\",\"logo\":{\"@type\":\"ImageObject\",\"inLanguage\":\"tr\",\"@id\":\"https:\\\/\\\/balikesirliler.com\\\/tr\\\/#\\\/schema\\\/logo\\\/image\\\/\",\"url\":\"https:\\\/\\\/balikesirliler.com\\\/wp-content\\\/uploads\\\/2021\\\/09\\\/logo_180x180.png\",\"contentUrl\":\"https:\\\/\\\/balikesirliler.com\\\/wp-content\\\/uploads\\\/2021\\\/09\\\/logo_180x180.png\",\"width\":180,\"height\":180,\"caption\":\"Bal-Der e.V.\"},\"image\":{\"@id\":\"https:\\\/\\\/balikesirliler.com\\\/tr\\\/#\\\/schema\\\/logo\\\/image\\\/\"}}]}<\/script>\n<!-- \/ Yoast SEO plugin. -->","yoast_head_json":{"title":"Akt\u00fcel Gen\u00e7lik Duyuru ve Bildiriler - Bal-Der e.V","robots":{"index":"index","follow":"follow","max-snippet":"max-snippet:-1","max-image-preview":"max-image-preview:large","max-video-preview":"max-video-preview:-1"},"canonical":"https:\/\/balikesirliler.com\/tr\/aktueel-genclik-duyuru-ve-bildiriler\/","og_locale":"tr_TR","og_type":"article","og_title":"Akt\u00fcel Gen\u00e7lik Duyuru ve Bildiriler - Bal-Der e.V","og_description":"Almanya Bal\u0131kesirliler Derne\u011fi gen\u00e7leri olarak 2010 y\u0131l\u0131nda dernekle\u015fme \u00e7al\u0131\u015fmalar\u0131na ba\u015flad\u0131k. Zaman i\u00e7inde gen\u00e7lik kollar\u0131 y\u00f6netmeli\u011fi \u00fczerine \u00e7al\u0131\u015fmalar\u0131m\u0131z oldu. Y\u0131l boyu yapaca\u011f\u0131m\u0131z \u00e7al\u0131\u015fmalar hakk\u0131nda birlikte konu\u015fma, tart\u0131\u015fma f\u0131rsat\u0131m\u0131z oluyor. \u00c7al\u0131\u015fmalar\u0131m\u0131za kat\u0131lmak isteyen gen\u00e7lerimizin Bal\u0131kesirli olmas\u0131 gerekmiyor. Not: Dernek b\u00fcromuzda imkanlar elverdi\u011fi \u00f6l\u00e7\u00fcde, Cuma g\u00fcnleri Zeybek \u00e7al\u0131\u015fmalar\u0131 sonras\u0131 bulu\u015fuyoruz&#8230; Dernek b\u00fcromuzu ziyaret etmek isteyen arkada\u015flar\u0131m\u0131z genclik@balikesirliler.com adresinden [&hellip;]","og_url":"https:\/\/balikesirliler.com\/tr\/aktueel-genclik-duyuru-ve-bildiriler\/","og_site_name":"Bal-Der e.V","article_modified_time":"2023-01-08T19:04:25+00:00","og_image":[{"width":577,"height":578,"url":"https:\/\/balikesirliler.com\/wp-content\/uploads\/IMG_9055.jpg","type":"image\/jpeg"}],"twitter_card":"summary_large_image","twitter_misc":{"Tahmini okuma s\u00fcresi":"1 dakika"},"schema":{"@context":"https:\/\/schema.org","@graph":[{"@type":"WebPage","@id":"https:\/\/balikesirliler.com\/tr\/aktueel-genclik-duyuru-ve-bildiriler\/","url":"https:\/\/balikesirliler.com\/tr\/aktueel-genclik-duyuru-ve-bildiriler\/","name":"Akt\u00fcel Gen\u00e7lik Duyuru ve Bildiriler - Bal-Der e.V","isPartOf":{"@id":"https:\/\/balikesirliler.com\/tr\/#website"},"primaryImageOfPage":{"@id":"https:\/\/balikesirliler.com\/tr\/aktueel-genclik-duyuru-ve-bildiriler\/#primaryimage"},"image":{"@id":"https:\/\/balikesirliler.com\/tr\/aktueel-genclik-duyuru-ve-bildiriler\/#primaryimage"},"thumbnailUrl":"https:\/\/balikesirliler.com\/wp-content\/uploads\/IMG_9055.jpg","datePublished":"2021-12-21T23:54:53+00:00","dateModified":"2023-01-08T19:04:25+00:00","breadcrumb":{"@id":"https:\/\/balikesirliler.com\/tr\/aktueel-genclik-duyuru-ve-bildiriler\/#breadcrumb"},"inLanguage":"tr","potentialAction":[{"@type":"ReadAction","target":["https:\/\/balikesirliler.com\/tr\/aktueel-genclik-duyuru-ve-bildiriler\/"]}]},{"@type":"ImageObject","inLanguage":"tr","@id":"https:\/\/balikesirliler.com\/tr\/aktueel-genclik-duyuru-ve-bildiriler\/#primaryimage","url":"https:\/\/balikesirliler.com\/wp-content\/uploads\/IMG_9055.jpg","contentUrl":"https:\/\/balikesirliler.com\/wp-content\/uploads\/IMG_9055.jpg","width":577,"height":578},{"@type":"BreadcrumbList","@id":"https:\/\/balikesirliler.com\/tr\/aktueel-genclik-duyuru-ve-bildiriler\/#breadcrumb","itemListElement":[{"@type":"ListItem","position":1,"name":"BAL-DER","item":"https:\/\/balikesirliler.com\/tr\/"},{"@type":"ListItem","position":2,"name":"Akt\u00fcel Gen\u00e7lik Duyuru ve Bildiriler"}]},{"@type":"WebSite","@id":"https:\/\/balikesirliler.com\/tr\/#website","url":"https:\/\/balikesirliler.com\/tr\/","name":"Bal-Der e.V","description":"Kultur- und Unterst\u00fctzungsverein","publisher":{"@id":"https:\/\/balikesirliler.com\/tr\/#organization"},"potentialAction":[{"@type":"SearchAction","target":{"@type":"EntryPoint","urlTemplate":"https:\/\/balikesirliler.com\/tr\/?s={search_term_string}"},"query-input":{"@type":"PropertyValueSpecification","valueRequired":true,"valueName":"search_term_string"}}],"inLanguage":"tr"},{"@type":"Organization","@id":"https:\/\/balikesirliler.com\/tr\/#organization","name":"Bal-Der e.V.","url":"https:\/\/balikesirliler.com\/tr\/","logo":{"@type":"ImageObject","inLanguage":"tr","@id":"https:\/\/balikesirliler.com\/tr\/#\/schema\/logo\/image\/","url":"https:\/\/balikesirliler.com\/wp-content\/uploads\/2021\/09\/logo_180x180.png","contentUrl":"https:\/\/balikesirliler.com\/wp-content\/uploads\/2021\/09\/logo_180x180.png","width":180,"height":180,"caption":"Bal-Der e.V."},"image":{"@id":"https:\/\/balikesirliler.com\/tr\/#\/schema\/logo\/image\/"}}]}},"jetpack_sharing_enabled":true,"_links":{"self":[{"href":"https:\/\/balikesirliler.com\/tr\/wp-json\/wp\/v2\/pages\/1524","targetHints":{"allow":["GET"]}}],"collection":[{"href":"https:\/\/balikesirliler.com\/tr\/wp-json\/wp\/v2\/pages"}],"about":[{"href":"https:\/\/balikesirliler.com\/tr\/wp-json\/wp\/v2\/types\/page"}],"author":[{"embeddable":true,"href":"https:\/\/balikesirliler.com\/tr\/wp-json\/wp\/v2\/users\/2"}],"replies":[{"embeddable":true,"href":"https:\/\/balikesirliler.com\/tr\/wp-json\/wp\/v2\/comments?post=1524"}],"version-history":[{"count":2,"href":"https:\/\/balikesirliler.com\/tr\/wp-json\/wp\/v2\/pages\/1524\/revisions"}],"predecessor-version":[{"id":2916,"href":"https:\/\/balikesirliler.com\/tr\/wp-json\/wp\/v2\/pages\/1524\/revisions\/2916"}],"wp:featuredmedia":[{"embeddable":true,"href":"https:\/\/balikesirliler.com\/tr\/wp-json\/wp\/v2\/media\/922"}],"wp:attachment":[{"href":"https:\/\/balikesirliler.com\/tr\/wp-json\/wp\/v2\/media?parent=1524"}],"curies":[{"name":"wp","href":"https:\/\/api.w.org\/{rel}","templated":true}]}}